{"id":5618,"date":"2022-10-24T18:18:13","date_gmt":"2022-10-24T16:18:13","guid":{"rendered":"https:\/\/wetruf.com\/legal-notice-terms-of-use\/"},"modified":"2025-06-30T11:12:26","modified_gmt":"2025-06-30T09:12:26","slug":"legal-notice-terms-of-use","status":"publish","type":"page","link":"https:\/\/wetruf.com\/en\/legal-notice-terms-of-use\/","title":{"rendered":"Legal Notice &amp; Terms of Use"},"content":{"rendered":"\n<p><strong><u>I. Legal notice<\/u><\/strong><\/p>\n\n<p>This site, accessible from the URL &#8221;  <a href=\"https:\/\/wetruf.com\/en\/\">https:\/\/wetruf.com\/<\/a>&#8220;(hereinafter referred to as the &#8221;  <strong>Website  <\/strong>&#8220;) is published by  <strong>WeTRUF<\/strong>a simplified joint stock company with its registered office at  <em>2<\/em>Avenue de la For\u00eat de Haye, Vand\u0153uvre-l\u00e8s-Nancy, and registered in the Nancy Trade and Companies Register under number 878 262 526.<br\/><\/p>\n\n<p><strong>\n  <u>Publisher&#8217;s contact details :<\/u>\n  <br\/>\n<\/strong>Company name: <strong>WeTRUF<\/strong><\/p>\n\n<p>Telephone: +33 (0)7 66 60 55 31<br\/>Mail : <a href=\"mailto:contact@wetruf.com\">contact@wetruf.com<\/a><\/p>\n\n<p>Intra-community VAT number : <em>to be completed<\/em><a href=\"mailto:contact@grandestavocats.fr\"><\/a><\/p>\n\n<p><strong>\n  <u>Site Host <\/u>\n<\/strong><strong> :<\/strong><\/p>\n\n<p><a href=\"https:\/\/ad-sum.com\" target=\"_blank\" rel=\"noreferrer noopener\">AdSum<\/a> SAS on a dedicated server located in Mougins and managed by Titan Datacenters France<\/p>\n\n<p>1210 Chemin de la Plaine, 06250 Mougins<\/p>\n\n<p>Telephone: 09 88 99 88 88<\/p>\n\n<p><strong>\n  <u>\n    <a href=\"https:\/\/ad-sum.com\" target=\"_blank\" rel=\"noreferrer noopener\">Web Design &amp; Development and outsourcing<\/a>\n  <\/u>\n<\/strong>: <em>AdSum<\/em><\/p>\n\n<p><strong><u>II. General Terms and Conditions of Use (GTCU)<\/u><\/strong><\/p>\n\n<p><strong>By browsing this Site, accessible at<\/strong> <a href=\"https:\/\/wetruf.com\/en\/\">https:\/\/wetruf.com\/<\/a><strong>User expressly agrees to be bound by these WeTRUF Terms of Use (TOU). The User undertakes to comply strictly with the terms of this agreement.<\/strong><\/p>\n\n<p>The Site is reserved for the private use of each User.<\/p>\n\n<p>The Site and the data, information and documents it provides &#8211; or which are accessible via the Site &#8211; are intended for general, non-exhaustive information only on  <strong>WeTRUF<\/strong>  and can in no way be considered as constituting a canvassing, a solicitation and\/or an offer to sell products or services.<\/p>\n\n<p>Each User is solely responsible for the use of the information provided or accessible from the Site. In no event shall <strong>WeTRUF <\/strong>be liable for any direct or indirect damages arising out of the User&#8217;s use of such information.  <\/p>\n\n<p><strong>WeTRUF <\/strong>does not warrant that the Site will be available on a continuous basis.<\/p>\n\n<p> <strong>WeTRUF<\/strong> is not responsible for third-party websites, their content and\/or documents accessible through hyperlinks published on the Site or in documents that can be downloaded from the Site.<\/p>\n\n<p>Users may not create a hyperlink to the Site and\/or any page of the Site and\/or any file therein without the prior written consent of <strong>WeTRUF<\/strong>.<\/p>\n\n<p>This Site contains information and data that are protected by intellectual property law, in particular by copyright in accordance with articles L.111-1 et seq. of the Intellectual Property Code.<\/p>\n\n<p><strong>Thus, unless otherwise stated in writing, the intellectual property rights on the documents and all information contained on the Site, as well as each of the elements composing the Site (images, illustrations, photographs, sounds, texts, graphic elements, texts etc.) are and will remain the exclusive property of WeTRUF.<\/strong><\/p>\n\n<p><strong>Any reproduction (including in part, and\/or by way of transformation or adaptation) is strictly forbidden. In the event of failure to do so, WeTRUF reserves the right to take legal action against the infringer.<\/strong><\/p>\n\n<p>The present GTU are governed and submitted exclusively to French law, whatever the nationality of the User.<\/p>\n","protected":false},"excerpt":{"rendered":"<p>I. Legal notice This site, accessible from the URL &#8221; https:\/\/wetruf.com\/&#8220;(hereinafter referred to as the &#8221; Website &#8220;) is published by WeTRUFa simplified joint stock company with its registered office at 2Avenue de la For\u00eat de Haye, Vand\u0153uvre-l\u00e8s-Nancy, and registered in the Nancy Trade and Companies Register under number 878 262 526. Publisher&#8217;s contact details [&hellip;]<\/p>\n","protected":false},"author":1,"featured_media":0,"parent":0,"menu_order":0,"comment_status":"closed","ping_status":"closed","template":"","meta":{"footnotes":""},"class_list":["post-5618","page","type-page","status-publish","hentry"],"yoast_head":"<!-- This site is optimized with the Yoast SEO plugin v27.3 - https:\/\/yoast.com\/product\/yoast-seo-wordpress\/ -->\n<title>Legal Notice &amp; Terms of Use - WETRUF<\/title>\n<meta name=\"description\" content=\"Discover the Legal Notice and Terms of Use of WETRUF, detailing your responsibilities and the site\u2019s legal framework.\" \/>\n<meta name=\"robots\" content=\"index, follow, max-snippet:-1, max-image-preview:large, max-video-preview:-1\" \/>\n<link rel=\"canonical\" href=\"https:\/\/wetruf.com\/en\/legal-notice-terms-of-use\/\" \/>\n<meta property=\"og:locale\" content=\"en_US\" \/>\n<meta property=\"og:type\" content=\"article\" \/>\n<meta property=\"og:title\" content=\"Legal Notice &amp; Terms of Use - WETRUF\" \/>\n<meta property=\"og:description\" content=\"Discover the Legal Notice and Terms of Use of WETRUF, detailing your responsibilities and the site\u2019s legal framework.\" \/>\n<meta property=\"og:url\" content=\"https:\/\/wetruf.com\/en\/legal-notice-terms-of-use\/\" \/>\n<meta property=\"og:site_name\" content=\"WETRUF\" \/>\n<meta property=\"article:modified_time\" content=\"2025-06-30T09:12:26+00:00\" \/>\n<meta name=\"twitter:card\" content=\"summary_large_image\" \/>\n<meta name=\"twitter:label1\" content=\"Est. reading time\" \/>\n\t<meta name=\"twitter:data1\" content=\"3 minutes\" \/>\n<script type=\"application\/ld+json\" class=\"yoast-schema-graph\">{\"@context\":\"https:\\\/\\\/schema.org\",\"@graph\":[{\"@type\":\"WebPage\",\"@id\":\"https:\\\/\\\/wetruf.com\\\/en\\\/legal-notice-terms-of-use\\\/\",\"url\":\"https:\\\/\\\/wetruf.com\\\/en\\\/legal-notice-terms-of-use\\\/\",\"name\":\"Legal Notice &amp; Terms of Use - WETRUF\",\"isPartOf\":{\"@id\":\"https:\\\/\\\/wetruf.com\\\/#website\"},\"datePublished\":\"2022-10-24T16:18:13+00:00\",\"dateModified\":\"2025-06-30T09:12:26+00:00\",\"description\":\"Discover the Legal Notice and Terms of Use of WETRUF, detailing your responsibilities and the site\u2019s legal framework.\",\"breadcrumb\":{\"@id\":\"https:\\\/\\\/wetruf.com\\\/en\\\/legal-notice-terms-of-use\\\/#breadcrumb\"},\"inLanguage\":\"en-US\",\"potentialAction\":[{\"@type\":\"ReadAction\",\"target\":[\"https:\\\/\\\/wetruf.com\\\/en\\\/legal-notice-terms-of-use\\\/\"]}]},{\"@type\":\"BreadcrumbList\",\"@id\":\"https:\\\/\\\/wetruf.com\\\/en\\\/legal-notice-terms-of-use\\\/#breadcrumb\",\"itemListElement\":[{\"@type\":\"ListItem\",\"position\":1,\"name\":\"Home\",\"item\":\"https:\\\/\\\/wetruf.com\\\/\"},{\"@type\":\"ListItem\",\"position\":2,\"name\":\"Legal Notice &amp; Terms of Use\"}]},{\"@type\":\"WebSite\",\"@id\":\"https:\\\/\\\/wetruf.com\\\/#website\",\"url\":\"https:\\\/\\\/wetruf.com\\\/\",\"name\":\"WETRUF\",\"description\":\"French innovation for truffle\",\"publisher\":{\"@id\":\"https:\\\/\\\/wetruf.com\\\/#organization\"},\"potentialAction\":[{\"@type\":\"SearchAction\",\"target\":{\"@type\":\"EntryPoint\",\"urlTemplate\":\"https:\\\/\\\/wetruf.com\\\/?s={search_term_string}\"},\"query-input\":{\"@type\":\"PropertyValueSpecification\",\"valueRequired\":true,\"valueName\":\"search_term_string\"}}],\"inLanguage\":\"en-US\"},{\"@type\":\"Organization\",\"@id\":\"https:\\\/\\\/wetruf.com\\\/#organization\",\"name\":\"WETRUF\",\"url\":\"https:\\\/\\\/wetruf.com\\\/\",\"logo\":{\"@type\":\"ImageObject\",\"inLanguage\":\"en-US\",\"@id\":\"https:\\\/\\\/wetruf.com\\\/#\\\/schema\\\/logo\\\/image\\\/\",\"url\":\"https:\\\/\\\/wetruf.com\\\/wp-content\\\/uploads\\\/2022\\\/12\\\/WETRUF-Logo-1.png\",\"contentUrl\":\"https:\\\/\\\/wetruf.com\\\/wp-content\\\/uploads\\\/2022\\\/12\\\/WETRUF-Logo-1.png\",\"width\":800,\"height\":800,\"caption\":\"WETRUF\"},\"image\":{\"@id\":\"https:\\\/\\\/wetruf.com\\\/#\\\/schema\\\/logo\\\/image\\\/\"}}]}<\/script>\n<!-- \/ Yoast SEO plugin. -->","yoast_head_json":{"title":"Legal Notice &amp; Terms of Use - WETRUF","description":"Discover the Legal Notice and Terms of Use of WETRUF, detailing your responsibilities and the site\u2019s legal framework.","robots":{"index":"index","follow":"follow","max-snippet":"max-snippet:-1","max-image-preview":"max-image-preview:large","max-video-preview":"max-video-preview:-1"},"canonical":"https:\/\/wetruf.com\/en\/legal-notice-terms-of-use\/","og_locale":"en_US","og_type":"article","og_title":"Legal Notice &amp; Terms of Use - WETRUF","og_description":"Discover the Legal Notice and Terms of Use of WETRUF, detailing your responsibilities and the site\u2019s legal framework.","og_url":"https:\/\/wetruf.com\/en\/legal-notice-terms-of-use\/","og_site_name":"WETRUF","article_modified_time":"2025-06-30T09:12:26+00:00","twitter_card":"summary_large_image","twitter_misc":{"Est. reading time":"3 minutes"},"schema":{"@context":"https:\/\/schema.org","@graph":[{"@type":"WebPage","@id":"https:\/\/wetruf.com\/en\/legal-notice-terms-of-use\/","url":"https:\/\/wetruf.com\/en\/legal-notice-terms-of-use\/","name":"Legal Notice &amp; Terms of Use - WETRUF","isPartOf":{"@id":"https:\/\/wetruf.com\/#website"},"datePublished":"2022-10-24T16:18:13+00:00","dateModified":"2025-06-30T09:12:26+00:00","description":"Discover the Legal Notice and Terms of Use of WETRUF, detailing your responsibilities and the site\u2019s legal framework.","breadcrumb":{"@id":"https:\/\/wetruf.com\/en\/legal-notice-terms-of-use\/#breadcrumb"},"inLanguage":"en-US","potentialAction":[{"@type":"ReadAction","target":["https:\/\/wetruf.com\/en\/legal-notice-terms-of-use\/"]}]},{"@type":"BreadcrumbList","@id":"https:\/\/wetruf.com\/en\/legal-notice-terms-of-use\/#breadcrumb","itemListElement":[{"@type":"ListItem","position":1,"name":"Home","item":"https:\/\/wetruf.com\/"},{"@type":"ListItem","position":2,"name":"Legal Notice &amp; Terms of Use"}]},{"@type":"WebSite","@id":"https:\/\/wetruf.com\/#website","url":"https:\/\/wetruf.com\/","name":"WETRUF","description":"French innovation for truffle","publisher":{"@id":"https:\/\/wetruf.com\/#organization"},"potentialAction":[{"@type":"SearchAction","target":{"@type":"EntryPoint","urlTemplate":"https:\/\/wetruf.com\/?s={search_term_string}"},"query-input":{"@type":"PropertyValueSpecification","valueRequired":true,"valueName":"search_term_string"}}],"inLanguage":"en-US"},{"@type":"Organization","@id":"https:\/\/wetruf.com\/#organization","name":"WETRUF","url":"https:\/\/wetruf.com\/","logo":{"@type":"ImageObject","inLanguage":"en-US","@id":"https:\/\/wetruf.com\/#\/schema\/logo\/image\/","url":"https:\/\/wetruf.com\/wp-content\/uploads\/2022\/12\/WETRUF-Logo-1.png","contentUrl":"https:\/\/wetruf.com\/wp-content\/uploads\/2022\/12\/WETRUF-Logo-1.png","width":800,"height":800,"caption":"WETRUF"},"image":{"@id":"https:\/\/wetruf.com\/#\/schema\/logo\/image\/"}}]}},"_links":{"self":[{"href":"https:\/\/wetruf.com\/en\/wp-json\/wp\/v2\/pages\/5618","targetHints":{"allow":["GET"]}}],"collection":[{"href":"https:\/\/wetruf.com\/en\/wp-json\/wp\/v2\/pages"}],"about":[{"href":"https:\/\/wetruf.com\/en\/wp-json\/wp\/v2\/types\/page"}],"author":[{"embeddable":true,"href":"https:\/\/wetruf.com\/en\/wp-json\/wp\/v2\/users\/1"}],"replies":[{"embeddable":true,"href":"https:\/\/wetruf.com\/en\/wp-json\/wp\/v2\/comments?post=5618"}],"version-history":[{"count":0,"href":"https:\/\/wetruf.com\/en\/wp-json\/wp\/v2\/pages\/5618\/revisions"}],"wp:attachment":[{"href":"https:\/\/wetruf.com\/en\/wp-json\/wp\/v2\/media?parent=5618"}],"curies":[{"name":"wp","href":"https:\/\/api.w.org\/{rel}","templated":true}]}}