{"id":19095,"date":"2024-09-20T13:40:38","date_gmt":"2024-09-20T11:40:38","guid":{"rendered":"https:\/\/wetruf.com\/produit\/formation-a-la-trufficulture-tournon-sur-rhone-decembre-2024-tarif-special-eligible-au-financement-des-chefs-dexploitations-agricoles-vivea\/"},"modified":"2024-09-25T09:09:42","modified_gmt":"2024-09-25T07:09:42","slug":"formation-a-la-trufficulture-tournon-sur-rhone-decembre-2024-tarif-special-eligible-au-financement-des-chefs-dexploitations-agricoles-vivea","status":"publish","type":"product","link":"https:\/\/wetruf.com\/en\/produit\/formation-a-la-trufficulture-tournon-sur-rhone-decembre-2024-tarif-special-eligible-au-financement-des-chefs-dexploitations-agricoles-vivea\/","title":{"rendered":"Formation \u00e0 la trufficulture &#8211; Tournon sur Rh\u00f4ne &#8211; d\u00e9cembre 2024: Tarif sp\u00e9cial &#8211; \u00e9ligible au financement des chefs d&#8217;exploitations agricoles (VIVEA)"},"content":{"rendered":"<p>Le tarif de prise en charge VIVEA en vigueur \u00e9tant de 175\u20ac\/jour, le montant total de prise en charge ici s&#8217;\u00e9l\u00e8ve \u00e0 350\u20ac &#8211; soit un reste \u00e0 charge de 150\u20ac.<br \/>\nSous r\u00e9serve de v\u00e9rification de votre situation.<br \/>\nUn e-mail de confirmation vous sera envoy\u00e9 ult\u00e9rieurement.<\/p>\n","protected":false},"excerpt":{"rendered":"<p>Formation \u00e0 la trufficulture &#8211; Tournon sur Rh\u00f4ne &#8211; d\u00e9cembre 2024<\/p>\n","protected":false},"featured_media":0,"comment_status":"open","ping_status":"closed","template":"","meta":[],"product_brand":[],"product_cat":[20],"product_tag":[],"class_list":{"0":"post-19095","1":"product","2":"type-product","3":"status-publish","5":"product_cat-produits","7":"first","8":"instock","9":"virtual","10":"taxable","11":"purchasable","12":"product-type-simple"},"yoast_head":"<!-- This site is optimized with the Yoast SEO plugin v27.4 - https:\/\/yoast.com\/product\/yoast-seo-wordpress\/ -->\n<title>Formation \u00e0 la trufficulture &#8211; Tournon sur Rh\u00f4ne &#8211; d\u00e9cembre 2024: Tarif sp\u00e9cial - \u00e9ligible au financement des chefs d&#039;exploitations agricoles (VIVEA) - WETRUF<\/title>\n<meta name=\"robots\" content=\"index, follow, max-snippet:-1, max-image-preview:large, max-video-preview:-1\" \/>\n<link rel=\"canonical\" href=\"https:\/\/wetruf.com\/produit\/formation-a-la-trufficulture-tournon-sur-rhone-decembre-2024-tarif-special-eligible-au-financement-des-chefs-dexploitations-agricoles-vivea\/\" \/>\n<meta property=\"og:locale\" content=\"en_US\" \/>\n<meta property=\"og:type\" content=\"article\" \/>\n<meta property=\"og:title\" content=\"Formation \u00e0 la trufficulture &#8211; Tournon sur Rh\u00f4ne &#8211; d\u00e9cembre 2024: Tarif sp\u00e9cial - \u00e9ligible au financement des chefs d&#039;exploitations agricoles (VIVEA) - WETRUF\" \/>\n<meta property=\"og:description\" content=\"Formation \u00e0 la trufficulture &#8211; Tournon sur Rh\u00f4ne &#8211; d\u00e9cembre 2024\" \/>\n<meta property=\"og:url\" content=\"https:\/\/wetruf.com\/produit\/formation-a-la-trufficulture-tournon-sur-rhone-decembre-2024-tarif-special-eligible-au-financement-des-chefs-dexploitations-agricoles-vivea\/\" \/>\n<meta property=\"og:site_name\" content=\"WETRUF\" \/>\n<meta property=\"article:modified_time\" content=\"2024-09-25T07:09:42+00:00\" \/>\n<meta name=\"twitter:card\" content=\"summary_large_image\" \/>\n<script type=\"application\/ld+json\" class=\"yoast-schema-graph\">{\"@context\":\"https:\\\/\\\/schema.org\",\"@graph\":[{\"@type\":\"WebPage\",\"@id\":\"https:\\\/\\\/wetruf.com\\\/produit\\\/formation-a-la-trufficulture-tournon-sur-rhone-decembre-2024-tarif-special-eligible-au-financement-des-chefs-dexploitations-agricoles-vivea\\\/\",\"url\":\"https:\\\/\\\/wetruf.com\\\/produit\\\/formation-a-la-trufficulture-tournon-sur-rhone-decembre-2024-tarif-special-eligible-au-financement-des-chefs-dexploitations-agricoles-vivea\\\/\",\"name\":\"Formation \u00e0 la trufficulture &#8211; Tournon sur Rh\u00f4ne &#8211; d\u00e9cembre 2024: Tarif sp\u00e9cial - \u00e9ligible au financement des chefs d'exploitations agricoles (VIVEA) - WETRUF\",\"isPartOf\":{\"@id\":\"https:\\\/\\\/wetruf.com\\\/#website\"},\"datePublished\":\"2024-09-20T11:40:38+00:00\",\"dateModified\":\"2024-09-25T07:09:42+00:00\",\"breadcrumb\":{\"@id\":\"https:\\\/\\\/wetruf.com\\\/produit\\\/formation-a-la-trufficulture-tournon-sur-rhone-decembre-2024-tarif-special-eligible-au-financement-des-chefs-dexploitations-agricoles-vivea\\\/#breadcrumb\"},\"inLanguage\":\"en-US\",\"potentialAction\":[{\"@type\":\"ReadAction\",\"target\":[\"https:\\\/\\\/wetruf.com\\\/produit\\\/formation-a-la-trufficulture-tournon-sur-rhone-decembre-2024-tarif-special-eligible-au-financement-des-chefs-dexploitations-agricoles-vivea\\\/\"]}]},{\"@type\":\"BreadcrumbList\",\"@id\":\"https:\\\/\\\/wetruf.com\\\/produit\\\/formation-a-la-trufficulture-tournon-sur-rhone-decembre-2024-tarif-special-eligible-au-financement-des-chefs-dexploitations-agricoles-vivea\\\/#breadcrumb\",\"itemListElement\":[{\"@type\":\"ListItem\",\"position\":1,\"name\":\"Home\",\"item\":\"https:\\\/\\\/wetruf.com\\\/\"},{\"@type\":\"ListItem\",\"position\":2,\"name\":\"Shop\",\"item\":\"https:\\\/\\\/wetruf.com\\\/en\\\/shop\\\/\"},{\"@type\":\"ListItem\",\"position\":3,\"name\":\"Formation \u00e0 la trufficulture &#8211; Tournon sur Rh\u00f4ne &#8211; d\u00e9cembre 2024: Tarif sp\u00e9cial &#8211; \u00e9ligible au financement des chefs d&#8217;exploitations agricoles (VIVEA)\"}]},{\"@type\":\"WebSite\",\"@id\":\"https:\\\/\\\/wetruf.com\\\/#website\",\"url\":\"https:\\\/\\\/wetruf.com\\\/\",\"name\":\"WETRUF\",\"description\":\"French innovation for truffle\",\"publisher\":{\"@id\":\"https:\\\/\\\/wetruf.com\\\/#organization\"},\"potentialAction\":[{\"@type\":\"SearchAction\",\"target\":{\"@type\":\"EntryPoint\",\"urlTemplate\":\"https:\\\/\\\/wetruf.com\\\/?s={search_term_string}\"},\"query-input\":{\"@type\":\"PropertyValueSpecification\",\"valueRequired\":true,\"valueName\":\"search_term_string\"}}],\"inLanguage\":\"en-US\"},{\"@type\":\"Organization\",\"@id\":\"https:\\\/\\\/wetruf.com\\\/#organization\",\"name\":\"WETRUF\",\"url\":\"https:\\\/\\\/wetruf.com\\\/\",\"logo\":{\"@type\":\"ImageObject\",\"inLanguage\":\"en-US\",\"@id\":\"https:\\\/\\\/wetruf.com\\\/#\\\/schema\\\/logo\\\/image\\\/\",\"url\":\"https:\\\/\\\/wetruf.com\\\/wp-content\\\/uploads\\\/2022\\\/12\\\/WETRUF-Logo-1.png\",\"contentUrl\":\"https:\\\/\\\/wetruf.com\\\/wp-content\\\/uploads\\\/2022\\\/12\\\/WETRUF-Logo-1.png\",\"width\":800,\"height\":800,\"caption\":\"WETRUF\"},\"image\":{\"@id\":\"https:\\\/\\\/wetruf.com\\\/#\\\/schema\\\/logo\\\/image\\\/\"}}]}<\/script>\n<!-- \/ Yoast SEO plugin. -->","yoast_head_json":{"title":"Formation \u00e0 la trufficulture &#8211; Tournon sur Rh\u00f4ne &#8211; d\u00e9cembre 2024: Tarif sp\u00e9cial - \u00e9ligible au financement des chefs d'exploitations agricoles (VIVEA) - WETRUF","robots":{"index":"index","follow":"follow","max-snippet":"max-snippet:-1","max-image-preview":"max-image-preview:large","max-video-preview":"max-video-preview:-1"},"canonical":"https:\/\/wetruf.com\/produit\/formation-a-la-trufficulture-tournon-sur-rhone-decembre-2024-tarif-special-eligible-au-financement-des-chefs-dexploitations-agricoles-vivea\/","og_locale":"en_US","og_type":"article","og_title":"Formation \u00e0 la trufficulture &#8211; Tournon sur Rh\u00f4ne &#8211; d\u00e9cembre 2024: Tarif sp\u00e9cial - \u00e9ligible au financement des chefs d'exploitations agricoles (VIVEA) - WETRUF","og_description":"Formation \u00e0 la trufficulture &#8211; Tournon sur Rh\u00f4ne &#8211; d\u00e9cembre 2024","og_url":"https:\/\/wetruf.com\/produit\/formation-a-la-trufficulture-tournon-sur-rhone-decembre-2024-tarif-special-eligible-au-financement-des-chefs-dexploitations-agricoles-vivea\/","og_site_name":"WETRUF","article_modified_time":"2024-09-25T07:09:42+00:00","twitter_card":"summary_large_image","schema":{"@context":"https:\/\/schema.org","@graph":[{"@type":"WebPage","@id":"https:\/\/wetruf.com\/produit\/formation-a-la-trufficulture-tournon-sur-rhone-decembre-2024-tarif-special-eligible-au-financement-des-chefs-dexploitations-agricoles-vivea\/","url":"https:\/\/wetruf.com\/produit\/formation-a-la-trufficulture-tournon-sur-rhone-decembre-2024-tarif-special-eligible-au-financement-des-chefs-dexploitations-agricoles-vivea\/","name":"Formation \u00e0 la trufficulture &#8211; Tournon sur Rh\u00f4ne &#8211; d\u00e9cembre 2024: Tarif sp\u00e9cial - \u00e9ligible au financement des chefs d'exploitations agricoles (VIVEA) - WETRUF","isPartOf":{"@id":"https:\/\/wetruf.com\/#website"},"datePublished":"2024-09-20T11:40:38+00:00","dateModified":"2024-09-25T07:09:42+00:00","breadcrumb":{"@id":"https:\/\/wetruf.com\/produit\/formation-a-la-trufficulture-tournon-sur-rhone-decembre-2024-tarif-special-eligible-au-financement-des-chefs-dexploitations-agricoles-vivea\/#breadcrumb"},"inLanguage":"en-US","potentialAction":[{"@type":"ReadAction","target":["https:\/\/wetruf.com\/produit\/formation-a-la-trufficulture-tournon-sur-rhone-decembre-2024-tarif-special-eligible-au-financement-des-chefs-dexploitations-agricoles-vivea\/"]}]},{"@type":"BreadcrumbList","@id":"https:\/\/wetruf.com\/produit\/formation-a-la-trufficulture-tournon-sur-rhone-decembre-2024-tarif-special-eligible-au-financement-des-chefs-dexploitations-agricoles-vivea\/#breadcrumb","itemListElement":[{"@type":"ListItem","position":1,"name":"Home","item":"https:\/\/wetruf.com\/"},{"@type":"ListItem","position":2,"name":"Shop","item":"https:\/\/wetruf.com\/en\/shop\/"},{"@type":"ListItem","position":3,"name":"Formation \u00e0 la trufficulture &#8211; Tournon sur Rh\u00f4ne &#8211; d\u00e9cembre 2024: Tarif sp\u00e9cial &#8211; \u00e9ligible au financement des chefs d&#8217;exploitations agricoles (VIVEA)"}]},{"@type":"WebSite","@id":"https:\/\/wetruf.com\/#website","url":"https:\/\/wetruf.com\/","name":"WETRUF","description":"French innovation for truffle","publisher":{"@id":"https:\/\/wetruf.com\/#organization"},"potentialAction":[{"@type":"SearchAction","target":{"@type":"EntryPoint","urlTemplate":"https:\/\/wetruf.com\/?s={search_term_string}"},"query-input":{"@type":"PropertyValueSpecification","valueRequired":true,"valueName":"search_term_string"}}],"inLanguage":"en-US"},{"@type":"Organization","@id":"https:\/\/wetruf.com\/#organization","name":"WETRUF","url":"https:\/\/wetruf.com\/","logo":{"@type":"ImageObject","inLanguage":"en-US","@id":"https:\/\/wetruf.com\/#\/schema\/logo\/image\/","url":"https:\/\/wetruf.com\/wp-content\/uploads\/2022\/12\/WETRUF-Logo-1.png","contentUrl":"https:\/\/wetruf.com\/wp-content\/uploads\/2022\/12\/WETRUF-Logo-1.png","width":800,"height":800,"caption":"WETRUF"},"image":{"@id":"https:\/\/wetruf.com\/#\/schema\/logo\/image\/"}}]}},"_links":{"self":[{"href":"https:\/\/wetruf.com\/en\/wp-json\/wp\/v2\/product\/19095","targetHints":{"allow":["GET"]}}],"collection":[{"href":"https:\/\/wetruf.com\/en\/wp-json\/wp\/v2\/product"}],"about":[{"href":"https:\/\/wetruf.com\/en\/wp-json\/wp\/v2\/types\/product"}],"replies":[{"embeddable":true,"href":"https:\/\/wetruf.com\/en\/wp-json\/wp\/v2\/comments?post=19095"}],"wp:attachment":[{"href":"https:\/\/wetruf.com\/en\/wp-json\/wp\/v2\/media?parent=19095"}],"wp:term":[{"taxonomy":"product_brand","embeddable":true,"href":"https:\/\/wetruf.com\/en\/wp-json\/wp\/v2\/product_brand?post=19095"},{"taxonomy":"product_cat","embeddable":true,"href":"https:\/\/wetruf.com\/en\/wp-json\/wp\/v2\/product_cat?post=19095"},{"taxonomy":"product_tag","embeddable":true,"href":"https:\/\/wetruf.com\/en\/wp-json\/wp\/v2\/product_tag?post=19095"}],"curies":[{"name":"wp","href":"https:\/\/api.w.org\/{rel}","templated":true}]}}