{"id":5666,"date":"2022-10-24T18:18:13","date_gmt":"2022-10-24T16:18:13","guid":{"rendered":"https:\/\/wetruf.com\/aviso-legal-y-condiciones-de-uso\/"},"modified":"2025-06-30T12:02:31","modified_gmt":"2025-06-30T10:02:31","slug":"aviso-legal-y-condiciones-de-uso","status":"publish","type":"page","link":"https:\/\/wetruf.com\/es\/aviso-legal-y-condiciones-de-uso\/","title":{"rendered":"Aviso legal y condiciones de uso"},"content":{"rendered":"\n<p><strong><u>I. Menciones legales<\/u><\/strong><\/p>\n\n<p>Este sitio, accesible desde la URL \u00bb  <a href=\"https:\/\/wetruf.com\/es\/\">https:\/\/wetruf.com\/<\/a>(en lo sucesivo, \u00abel  <strong>P\u00e1gina web  <\/strong>\u00ab) es publicado por  <strong>WeTRUF<\/strong>sociedad por acciones simplificada con domicilio social en  <em>2<\/em>Avenue de la For\u00eat de Haye, Vand\u0153uvre-l\u00e8s-Nancy, e inscrita en el Registro Mercantil de Nancy con el n\u00famero 878 262 526.<br\/><\/p>\n\n<p><strong>\n  <u>Datos del editor :<\/u>\n  <br\/>\n<\/strong>Nombre de la empresa: <strong>WeTRUF<\/strong><\/p>\n\n<p>Tel\u00e9fono: +33 (0)7 66 60 55 31<br\/>Correo electr\u00f3nico: <a href=\"mailto:contact@wetruf.com\">contact@wetruf.com<\/a><\/p>\n\n<p>N\u00famero de IVA intracomunitario: <em>a completar<\/em><a href=\"mailto:contact@grandestavocats.fr\"><\/a><\/p>\n\n<p><strong>\n  <u>Alojamiento web <\/u>\n<\/strong><strong> :<\/strong><\/p>\n\n<p><a href=\"https:\/\/ad-sum.com\" target=\"_blank\" rel=\"noreferrer noopener\">AdSum<\/a> SAS en un servidor dedicado situado en Mougins y gestionado por Titan Datacenters France<\/p>\n\n<p>1210 Chemin de la Plaine, 06250 Mougins<\/p>\n\n<p>Tel\u00e9fono: 09 88 99 88 88<\/p>\n\n<p><strong>\n  <u>\n    <a href=\"https:\/\/ad-sum.com\" target=\"_blank\" rel=\"noreferrer noopener\">Dise\u00f1o y desarrollo web y externalizaci\u00f3n<\/a>\n  <\/u>\n<\/strong>: <em>AdSum<\/em><\/p>\n\n<p><strong><u>II. Condiciones Generales de Uso (CGU)<\/u><\/strong><\/p>\n\n<p><strong>Al navegar por este Sitio, accesible en<\/strong> <a href=\"https:\/\/wetruf.com\/es\/\">https:\/\/wetruf.com\/<\/a><strong>El Usuario acepta expresamente someterse a estas Condiciones de Uso de WeTRUF (CDU). El Usuario se compromete a cumplir estrictamente sus condiciones.<\/strong><\/p>\n\n<p>El Sitio est\u00e1 reservado al uso privado de cada Usuario.<\/p>\n\n<p>El Sitio y los datos, informaci\u00f3n y documentos que proporciona -o a los que se puede acceder a trav\u00e9s del Sitio- est\u00e1n destinados \u00fanicamente a la informaci\u00f3n general y no exhaustiva sobre  <strong>WeTRUF<\/strong>  y en ning\u00fan caso puede considerarse que constituya una prospecci\u00f3n, solicitud u oferta de venta de productos o servicios.<\/p>\n\n<p>Cada Usuario es el \u00fanico responsable del uso de la informaci\u00f3n proporcionada o accesible desde el Sitio. <strong>WeTRUF <\/strong>no ser\u00e1 responsable en ning\u00fan caso de los da\u00f1os directos o indirectos derivados de la utilizaci\u00f3n de esta informaci\u00f3n por parte del Usuario.  <\/p>\n\n<p><strong>WeTRUF <\/strong>n\u00e3o garante que o Site esteja dispon\u00edvel de forma cont\u00ednua.<\/p>\n\n<p>Los sitios web de terceros, su contenido y\/o los documentos accesibles a trav\u00e9s de hiperv\u00ednculos publicados en el Sitio o en documentos descargables desde el Sitio, son responsabilidad exclusiva de su(s) autor(es) y no incurrir\u00e1n en la responsabilidad de <strong>WeTRUF<\/strong>.<\/p>\n\n<p>Los usuarios no est\u00e1n autorizados a crear un hiperv\u00ednculo al sitio y \/ o cualquier p\u00e1gina del sitio y \/ o cualquier archivo en el mismo sin el consentimiento previo por escrito de <strong>WeTRUF<\/strong>.<\/p>\n\n<p>Este Sitio contiene informaci\u00f3n y datos protegidos por el derecho de propiedad intelectual, en particular por los derechos de autor de conformidad con los art\u00edculos L.111-1 y siguientes del C\u00f3digo de la Propiedad Intelectual franc\u00e9s.<\/p>\n\n<p><strong>As\u00ed pues, salvo que se indique lo contrario por escrito, los derechos de propiedad intelectual sobre los documentos y toda la informaci\u00f3n contenida en el Sitio, as\u00ed como cada uno de los elementos que lo componen (im\u00e1genes, ilustraciones, fotograf\u00edas, sonidos, textos, elementos gr\u00e1ficos, textos, etc.) son y seguir\u00e1n siendo propiedad exclusiva de WeTRUF.<\/strong><\/p>\n\n<p><strong>Queda terminantemente prohibida toda reproducci\u00f3n (incluida la reproducci\u00f3n parcial, y\/o transformaci\u00f3n o adaptaci\u00f3n). En caso contrario, WeTRUF se reserva el derecho de emprender acciones legales contra el infractor.<\/strong><\/p>\n\n<p>Las presentes CGU se rigen y est\u00e1n sujetas exclusivamente al derecho franc\u00e9s, independientemente de la nacionalidad del Usuario.<\/p>\n","protected":false},"excerpt":{"rendered":"<p>I. Menciones legales Este sitio, accesible desde la URL \u00bb https:\/\/wetruf.com\/(en lo sucesivo, \u00abel P\u00e1gina web \u00ab) es publicado por WeTRUFsociedad por acciones simplificada con domicilio social en 2Avenue de la For\u00eat de Haye, Vand\u0153uvre-l\u00e8s-Nancy, e inscrita en el Registro Mercantil de Nancy con el n\u00famero 878 262 526. Datos del editor : Nombre de [&hellip;]<\/p>\n","protected":false},"author":1,"featured_media":0,"parent":0,"menu_order":0,"comment_status":"closed","ping_status":"closed","template":"","meta":{"footnotes":""},"class_list":["post-5666","page","type-page","status-publish","hentry"],"yoast_head":"<!-- This site is optimized with the Yoast SEO plugin v27.3 - https:\/\/yoast.com\/product\/yoast-seo-wordpress\/ -->\n<title>Aviso legal y condiciones de uso - WETRUF<\/title>\n<meta name=\"description\" content=\"Lee el Aviso Legal y las Condiciones de Uso de WETRUF para conocer tus derechos, obligaciones y el marco legal del sitio web.\" \/>\n<meta name=\"robots\" content=\"index, follow, max-snippet:-1, max-image-preview:large, max-video-preview:-1\" \/>\n<link rel=\"canonical\" href=\"https:\/\/wetruf.com\/es\/aviso-legal-y-condiciones-de-uso\/\" \/>\n<meta property=\"og:locale\" content=\"es_ES\" \/>\n<meta property=\"og:type\" content=\"article\" \/>\n<meta property=\"og:title\" content=\"Aviso legal y condiciones de uso - WETRUF\" \/>\n<meta property=\"og:description\" content=\"Lee el Aviso Legal y las Condiciones de Uso de WETRUF para conocer tus derechos, obligaciones y el marco legal del sitio web.\" \/>\n<meta property=\"og:url\" content=\"https:\/\/wetruf.com\/es\/aviso-legal-y-condiciones-de-uso\/\" \/>\n<meta property=\"og:site_name\" content=\"WETRUF\" \/>\n<meta property=\"article:modified_time\" content=\"2025-06-30T10:02:31+00:00\" \/>\n<meta name=\"twitter:card\" content=\"summary_large_image\" \/>\n<meta name=\"twitter:label1\" content=\"Tiempo de lectura\" \/>\n\t<meta name=\"twitter:data1\" content=\"3 minutos\" \/>\n<script type=\"application\/ld+json\" class=\"yoast-schema-graph\">{\"@context\":\"https:\\\/\\\/schema.org\",\"@graph\":[{\"@type\":\"WebPage\",\"@id\":\"https:\\\/\\\/wetruf.com\\\/es\\\/aviso-legal-y-condiciones-de-uso\\\/\",\"url\":\"https:\\\/\\\/wetruf.com\\\/es\\\/aviso-legal-y-condiciones-de-uso\\\/\",\"name\":\"Aviso legal y condiciones de uso - WETRUF\",\"isPartOf\":{\"@id\":\"https:\\\/\\\/wetruf.com\\\/#website\"},\"datePublished\":\"2022-10-24T16:18:13+00:00\",\"dateModified\":\"2025-06-30T10:02:31+00:00\",\"description\":\"Lee el Aviso Legal y las Condiciones de Uso de WETRUF para conocer tus derechos, obligaciones y el marco legal del sitio web.\",\"breadcrumb\":{\"@id\":\"https:\\\/\\\/wetruf.com\\\/es\\\/aviso-legal-y-condiciones-de-uso\\\/#breadcrumb\"},\"inLanguage\":\"es\",\"potentialAction\":[{\"@type\":\"ReadAction\",\"target\":[\"https:\\\/\\\/wetruf.com\\\/es\\\/aviso-legal-y-condiciones-de-uso\\\/\"]}]},{\"@type\":\"BreadcrumbList\",\"@id\":\"https:\\\/\\\/wetruf.com\\\/es\\\/aviso-legal-y-condiciones-de-uso\\\/#breadcrumb\",\"itemListElement\":[{\"@type\":\"ListItem\",\"position\":1,\"name\":\"Home\",\"item\":\"https:\\\/\\\/wetruf.com\\\/\"},{\"@type\":\"ListItem\",\"position\":2,\"name\":\"Aviso legal y condiciones de uso\"}]},{\"@type\":\"WebSite\",\"@id\":\"https:\\\/\\\/wetruf.com\\\/#website\",\"url\":\"https:\\\/\\\/wetruf.com\\\/\",\"name\":\"WETRUF\",\"description\":\"French innovation for truffle\",\"publisher\":{\"@id\":\"https:\\\/\\\/wetruf.com\\\/#organization\"},\"potentialAction\":[{\"@type\":\"SearchAction\",\"target\":{\"@type\":\"EntryPoint\",\"urlTemplate\":\"https:\\\/\\\/wetruf.com\\\/?s={search_term_string}\"},\"query-input\":{\"@type\":\"PropertyValueSpecification\",\"valueRequired\":true,\"valueName\":\"search_term_string\"}}],\"inLanguage\":\"es\"},{\"@type\":\"Organization\",\"@id\":\"https:\\\/\\\/wetruf.com\\\/#organization\",\"name\":\"WETRUF\",\"url\":\"https:\\\/\\\/wetruf.com\\\/\",\"logo\":{\"@type\":\"ImageObject\",\"inLanguage\":\"es\",\"@id\":\"https:\\\/\\\/wetruf.com\\\/#\\\/schema\\\/logo\\\/image\\\/\",\"url\":\"https:\\\/\\\/wetruf.com\\\/wp-content\\\/uploads\\\/2022\\\/12\\\/WETRUF-Logo-1.png\",\"contentUrl\":\"https:\\\/\\\/wetruf.com\\\/wp-content\\\/uploads\\\/2022\\\/12\\\/WETRUF-Logo-1.png\",\"width\":800,\"height\":800,\"caption\":\"WETRUF\"},\"image\":{\"@id\":\"https:\\\/\\\/wetruf.com\\\/#\\\/schema\\\/logo\\\/image\\\/\"}}]}<\/script>\n<!-- \/ Yoast SEO plugin. -->","yoast_head_json":{"title":"Aviso legal y condiciones de uso - WETRUF","description":"Lee el Aviso Legal y las Condiciones de Uso de WETRUF para conocer tus derechos, obligaciones y el marco legal del sitio web.","robots":{"index":"index","follow":"follow","max-snippet":"max-snippet:-1","max-image-preview":"max-image-preview:large","max-video-preview":"max-video-preview:-1"},"canonical":"https:\/\/wetruf.com\/es\/aviso-legal-y-condiciones-de-uso\/","og_locale":"es_ES","og_type":"article","og_title":"Aviso legal y condiciones de uso - WETRUF","og_description":"Lee el Aviso Legal y las Condiciones de Uso de WETRUF para conocer tus derechos, obligaciones y el marco legal del sitio web.","og_url":"https:\/\/wetruf.com\/es\/aviso-legal-y-condiciones-de-uso\/","og_site_name":"WETRUF","article_modified_time":"2025-06-30T10:02:31+00:00","twitter_card":"summary_large_image","twitter_misc":{"Tiempo de lectura":"3 minutos"},"schema":{"@context":"https:\/\/schema.org","@graph":[{"@type":"WebPage","@id":"https:\/\/wetruf.com\/es\/aviso-legal-y-condiciones-de-uso\/","url":"https:\/\/wetruf.com\/es\/aviso-legal-y-condiciones-de-uso\/","name":"Aviso legal y condiciones de uso - WETRUF","isPartOf":{"@id":"https:\/\/wetruf.com\/#website"},"datePublished":"2022-10-24T16:18:13+00:00","dateModified":"2025-06-30T10:02:31+00:00","description":"Lee el Aviso Legal y las Condiciones de Uso de WETRUF para conocer tus derechos, obligaciones y el marco legal del sitio web.","breadcrumb":{"@id":"https:\/\/wetruf.com\/es\/aviso-legal-y-condiciones-de-uso\/#breadcrumb"},"inLanguage":"es","potentialAction":[{"@type":"ReadAction","target":["https:\/\/wetruf.com\/es\/aviso-legal-y-condiciones-de-uso\/"]}]},{"@type":"BreadcrumbList","@id":"https:\/\/wetruf.com\/es\/aviso-legal-y-condiciones-de-uso\/#breadcrumb","itemListElement":[{"@type":"ListItem","position":1,"name":"Home","item":"https:\/\/wetruf.com\/"},{"@type":"ListItem","position":2,"name":"Aviso legal y condiciones de uso"}]},{"@type":"WebSite","@id":"https:\/\/wetruf.com\/#website","url":"https:\/\/wetruf.com\/","name":"WETRUF","description":"French innovation for truffle","publisher":{"@id":"https:\/\/wetruf.com\/#organization"},"potentialAction":[{"@type":"SearchAction","target":{"@type":"EntryPoint","urlTemplate":"https:\/\/wetruf.com\/?s={search_term_string}"},"query-input":{"@type":"PropertyValueSpecification","valueRequired":true,"valueName":"search_term_string"}}],"inLanguage":"es"},{"@type":"Organization","@id":"https:\/\/wetruf.com\/#organization","name":"WETRUF","url":"https:\/\/wetruf.com\/","logo":{"@type":"ImageObject","inLanguage":"es","@id":"https:\/\/wetruf.com\/#\/schema\/logo\/image\/","url":"https:\/\/wetruf.com\/wp-content\/uploads\/2022\/12\/WETRUF-Logo-1.png","contentUrl":"https:\/\/wetruf.com\/wp-content\/uploads\/2022\/12\/WETRUF-Logo-1.png","width":800,"height":800,"caption":"WETRUF"},"image":{"@id":"https:\/\/wetruf.com\/#\/schema\/logo\/image\/"}}]}},"_links":{"self":[{"href":"https:\/\/wetruf.com\/es\/wp-json\/wp\/v2\/pages\/5666","targetHints":{"allow":["GET"]}}],"collection":[{"href":"https:\/\/wetruf.com\/es\/wp-json\/wp\/v2\/pages"}],"about":[{"href":"https:\/\/wetruf.com\/es\/wp-json\/wp\/v2\/types\/page"}],"author":[{"embeddable":true,"href":"https:\/\/wetruf.com\/es\/wp-json\/wp\/v2\/users\/1"}],"replies":[{"embeddable":true,"href":"https:\/\/wetruf.com\/es\/wp-json\/wp\/v2\/comments?post=5666"}],"version-history":[{"count":0,"href":"https:\/\/wetruf.com\/es\/wp-json\/wp\/v2\/pages\/5666\/revisions"}],"wp:attachment":[{"href":"https:\/\/wetruf.com\/es\/wp-json\/wp\/v2\/media?parent=5666"}],"curies":[{"name":"wp","href":"https:\/\/api.w.org\/{rel}","templated":true}]}}