{"id":5692,"date":"2022-10-24T18:15:20","date_gmt":"2022-10-24T16:15:20","guid":{"rendered":"https:\/\/wetruf.com\/contacte-con\/"},"modified":"2025-06-30T12:07:46","modified_gmt":"2025-06-30T10:07:46","slug":"contacte-con","status":"publish","type":"page","link":"https:\/\/wetruf.com\/es\/contacte-con\/","title":{"rendered":"Contacte con"},"content":{"rendered":"\t\t<div data-elementor-type=\"wp-page\" data-elementor-id=\"5692\" class=\"elementor elementor-5692 elementor-14\" data-elementor-post-type=\"page\">\n\t\t\t\t\t\t<section class=\"elementor-section elementor-top-section elementor-element elementor-element-57033b9 elementor-section-boxed elementor-section-height-default elementor-section-height-default\" data-id=\"57033b9\" data-element_type=\"section\" data-e-type=\"section\">\n\t\t\t\t\t\t<div class=\"elementor-container elementor-column-gap-default\">\n\t\t\t\t\t<div class=\"elementor-column elementor-col-100 elementor-top-column elementor-element elementor-element-23c76b6\" data-id=\"23c76b6\" data-element_type=\"column\" data-e-type=\"column\">\n\t\t\t<div class=\"elementor-widget-wrap elementor-element-populated\">\n\t\t\t\t\t\t<div class=\"elementor-element elementor-element-ddfcfd5 elementor-button-align-center elementor-widget elementor-widget-global elementor-global-6364 elementor-global-3976 elementor-widget-form\" data-id=\"ddfcfd5\" data-element_type=\"widget\" data-e-type=\"widget\" data-settings=\"{&quot;step_next_label&quot;:&quot;Siguiente&quot;,&quot;step_previous_label&quot;:&quot;Anteriormente&quot;,&quot;button_width&quot;:&quot;100&quot;,&quot;step_type&quot;:&quot;number_text&quot;,&quot;step_icon_shape&quot;:&quot;circle&quot;}\" data-widget_type=\"form.default\">\n\t\t\t\t<div class=\"elementor-widget-container\">\n\t\t\t\t\t\t\t<form class=\"elementor-form\" method=\"post\" name=\"Formulario de contacto\" aria-label=\"Formulario de contacto\">\n\t\t\t<input type=\"hidden\" name=\"post_id\" value=\"5692\"\/>\n\t\t\t<input type=\"hidden\" name=\"form_id\" value=\"ddfcfd5\"\/>\n\t\t\t<input type=\"hidden\" name=\"referer_title\" value=\"WETRUF\" \/>\n\n\t\t\t\n\t\t\t<div class=\"elementor-form-fields-wrapper elementor-labels-\">\n\t\t\t\t\t\t\t\t<div class=\"elementor-field-type-text elementor-field-group elementor-column elementor-field-group-field_bc281af elementor-col-50\">\n\t\t\t\t\t\t\t\t\t\t\t\t<label for=\"form-field-field_bc281af\" class=\"elementor-field-label elementor-screen-only\">\n\t\t\t\t\t\t\t\tNombre\t\t\t\t\t\t\t<\/label>\n\t\t\t\t\t\t\t\t\t\t\t\t\t\t<input size=\"1\" type=\"text\" name=\"form_fields[field_bc281af]\" id=\"form-field-field_bc281af\" class=\"elementor-field elementor-size-sm  elementor-field-textual\" placeholder=\"Nombre\">\n\t\t\t\t\t\t\t\t\t\t\t<\/div>\n\t\t\t\t\t\t\t\t<div class=\"elementor-field-type-text elementor-field-group elementor-column elementor-field-group-name elementor-col-50\">\n\t\t\t\t\t\t\t\t\t\t\t\t<label for=\"form-field-name\" class=\"elementor-field-label elementor-screen-only\">\n\t\t\t\t\t\t\t\tNombre\t\t\t\t\t\t\t<\/label>\n\t\t\t\t\t\t\t\t\t\t\t\t\t\t<input size=\"1\" type=\"text\" name=\"form_fields[name]\" id=\"form-field-name\" class=\"elementor-field elementor-size-sm  elementor-field-textual\" placeholder=\"Nombre\">\n\t\t\t\t\t\t\t\t\t\t\t<\/div>\n\t\t\t\t\t\t\t\t<div class=\"elementor-field-type-tel elementor-field-group elementor-column elementor-field-group-field_d5c674e elementor-col-50\">\n\t\t\t\t\t\t\t\t\t\t\t\t<label for=\"form-field-field_d5c674e\" class=\"elementor-field-label elementor-screen-only\">\n\t\t\t\t\t\t\t\tTel\u00e9fono\t\t\t\t\t\t\t<\/label>\n\t\t\t\t\t\t\t\t<input size=\"1\" type=\"tel\" name=\"form_fields[field_d5c674e]\" id=\"form-field-field_d5c674e\" class=\"elementor-field elementor-size-sm  elementor-field-textual\" placeholder=\"Tel\u00e9fono\" pattern=\"[0-9()#&amp;+*-=.]+\" title=\"Solo se aceptan n\u00fameros y caracteres de tel\u00e9fono (#,-,*,etc).\">\n\n\t\t\t\t\t\t<\/div>\n\t\t\t\t\t\t\t\t<div class=\"elementor-field-type-email elementor-field-group elementor-column elementor-field-group-email elementor-col-50 elementor-field-required\">\n\t\t\t\t\t\t\t\t\t\t\t\t<label for=\"form-field-email\" class=\"elementor-field-label elementor-screen-only\">\n\t\t\t\t\t\t\t\tCorreo electr\u00f3nico\t\t\t\t\t\t\t<\/label>\n\t\t\t\t\t\t\t\t\t\t\t\t\t\t<input size=\"1\" type=\"email\" name=\"form_fields[email]\" id=\"form-field-email\" class=\"elementor-field elementor-size-sm  elementor-field-textual\" placeholder=\"Correo electr\u00f3nico\" required=\"required\">\n\t\t\t\t\t\t\t\t\t\t\t<\/div>\n\t\t\t\t\t\t\t\t<div class=\"elementor-field-type-textarea elementor-field-group elementor-column elementor-field-group-message elementor-col-100\">\n\t\t\t\t\t\t\t\t\t\t\t\t<label for=\"form-field-message\" class=\"elementor-field-label elementor-screen-only\">\n\t\t\t\t\t\t\t\tMensaje\t\t\t\t\t\t\t<\/label>\n\t\t\t\t\t\t<textarea class=\"elementor-field-textual elementor-field  elementor-size-sm\" name=\"form_fields[message]\" id=\"form-field-message\" rows=\"4\" placeholder=\"Mensaje\"><\/textarea>\t\t\t\t<\/div>\n\t\t\t\t\t\t\t\t<div class=\"elementor-field-type-recaptcha_v3 elementor-field-group elementor-column elementor-field-group-field_4ea715d elementor-col-100 recaptcha_v3-bottomright\">\n\t\t\t\t\t<div class=\"elementor-field\" id=\"form-field-field_4ea715d\"><div class=\"elementor-g-recaptcha\" data-sitekey=\"6LeK-RQjAAAAABa1iKus5XSt24SuxInkaMswoevs\" data-type=\"v3\" data-action=\"Form\" data-badge=\"bottomright\" data-size=\"invisible\"><\/div><\/div>\t\t\t\t<\/div>\n\t\t\t\t\t\t\t\t<div class=\"elementor-field-type-html elementor-field-group elementor-column elementor-field-group-field_9ed97f8 elementor-col-100\">\n\t\t\t\t\t<div class=\"infoslegales\">La informaci\u00f3n que se le pide que proporcione en este formulario de contacto es \u00fanicamente con el fin de permitir WETRUF para responder a su solicitud de informaci\u00f3n en su mensaje transmitido a trav\u00e9s de este formulario. Esta informaci\u00f3n no se divulga a terceros. <br>\nAl hacer clic en \"Enviar\", usted acepta expresamente que los datos personales introducidos en este formulario de contacto puedan ser utilizados por WETRUF para la finalidad mencionada. Puede ejercer en cualquier momento sus derechos de acceso, rectificaci\u00f3n y supresi\u00f3n de sus datos personales enviando un correo electr\u00f3nico a: contact@wetruf.com <\/div>\t\t\t\t<\/div>\n\t\t\t\t\t\t\t\t<div class=\"elementor-field-group elementor-column elementor-field-type-submit elementor-col-100 e-form__buttons\">\n\t\t\t\t\t<button class=\"elementor-button elementor-size-sm\" type=\"submit\">\n\t\t\t\t\t\t<span class=\"elementor-button-content-wrapper\">\n\t\t\t\t\t\t\t\t\t\t\t\t\t\t\t\t\t\t\t\t\t\t<span class=\"elementor-button-text\">Enviar<\/span>\n\t\t\t\t\t\t\t\t\t\t\t\t\t<\/span>\n\t\t\t\t\t<\/button>\n\t\t\t\t<\/div>\n\t\t\t<\/div>\n\t\t<\/form>\n\t\t\t\t\t\t<\/div>\n\t\t\t\t<\/div>\n\t\t\t\t\t<\/div>\n\t\t<\/div>\n\t\t\t\t\t<\/div>\n\t\t<\/section>\n\t\t\t\t<\/div>\n\t\t","protected":false},"excerpt":{"rendered":"","protected":false},"author":1,"featured_media":0,"parent":0,"menu_order":0,"comment_status":"closed","ping_status":"closed","template":"","meta":{"footnotes":""},"class_list":["post-5692","page","type-page","status-publish","hentry"],"yoast_head":"<!-- This site is optimized with the Yoast SEO plugin v27.4 - https:\/\/yoast.com\/product\/yoast-seo-wordpress\/ -->\n<title>Contacte con - WETRUF<\/title>\n<meta name=\"description\" content=\"Contacta con WETRUF y recibe atenci\u00f3n personalizada para impulsar tu proyecto de truficultura con el apoyo de nuestros expertos.\" \/>\n<meta name=\"robots\" content=\"index, follow, max-snippet:-1, max-image-preview:large, max-video-preview:-1\" \/>\n<link rel=\"canonical\" href=\"https:\/\/wetruf.com\/es\/contacte-con\/\" \/>\n<meta property=\"og:locale\" content=\"es_ES\" \/>\n<meta property=\"og:type\" content=\"article\" \/>\n<meta property=\"og:title\" content=\"Contacte con - WETRUF\" \/>\n<meta property=\"og:description\" content=\"Contacta con WETRUF y recibe atenci\u00f3n personalizada para impulsar tu proyecto de truficultura con el apoyo de nuestros expertos.\" \/>\n<meta property=\"og:url\" content=\"https:\/\/wetruf.com\/es\/contacte-con\/\" \/>\n<meta property=\"og:site_name\" content=\"WETRUF\" \/>\n<meta property=\"article:modified_time\" content=\"2025-06-30T10:07:46+00:00\" \/>\n<meta name=\"twitter:card\" content=\"summary_large_image\" \/>\n<script type=\"application\/ld+json\" class=\"yoast-schema-graph\">{\"@context\":\"https:\\\/\\\/schema.org\",\"@graph\":[{\"@type\":\"WebPage\",\"@id\":\"https:\\\/\\\/wetruf.com\\\/es\\\/contacte-con\\\/\",\"url\":\"https:\\\/\\\/wetruf.com\\\/es\\\/contacte-con\\\/\",\"name\":\"Contacte con - WETRUF\",\"isPartOf\":{\"@id\":\"https:\\\/\\\/wetruf.com\\\/#website\"},\"datePublished\":\"2022-10-24T16:15:20+00:00\",\"dateModified\":\"2025-06-30T10:07:46+00:00\",\"description\":\"Contacta con WETRUF y recibe atenci\u00f3n personalizada para impulsar tu proyecto de truficultura con el apoyo de nuestros expertos.\",\"breadcrumb\":{\"@id\":\"https:\\\/\\\/wetruf.com\\\/es\\\/contacte-con\\\/#breadcrumb\"},\"inLanguage\":\"es\",\"potentialAction\":[{\"@type\":\"ReadAction\",\"target\":[\"https:\\\/\\\/wetruf.com\\\/es\\\/contacte-con\\\/\"]}]},{\"@type\":\"BreadcrumbList\",\"@id\":\"https:\\\/\\\/wetruf.com\\\/es\\\/contacte-con\\\/#breadcrumb\",\"itemListElement\":[{\"@type\":\"ListItem\",\"position\":1,\"name\":\"Home\",\"item\":\"https:\\\/\\\/wetruf.com\\\/\"},{\"@type\":\"ListItem\",\"position\":2,\"name\":\"Contacte con\"}]},{\"@type\":\"WebSite\",\"@id\":\"https:\\\/\\\/wetruf.com\\\/#website\",\"url\":\"https:\\\/\\\/wetruf.com\\\/\",\"name\":\"WETRUF\",\"description\":\"French innovation for truffle\",\"publisher\":{\"@id\":\"https:\\\/\\\/wetruf.com\\\/#organization\"},\"potentialAction\":[{\"@type\":\"SearchAction\",\"target\":{\"@type\":\"EntryPoint\",\"urlTemplate\":\"https:\\\/\\\/wetruf.com\\\/?s={search_term_string}\"},\"query-input\":{\"@type\":\"PropertyValueSpecification\",\"valueRequired\":true,\"valueName\":\"search_term_string\"}}],\"inLanguage\":\"es\"},{\"@type\":\"Organization\",\"@id\":\"https:\\\/\\\/wetruf.com\\\/#organization\",\"name\":\"WETRUF\",\"url\":\"https:\\\/\\\/wetruf.com\\\/\",\"logo\":{\"@type\":\"ImageObject\",\"inLanguage\":\"es\",\"@id\":\"https:\\\/\\\/wetruf.com\\\/#\\\/schema\\\/logo\\\/image\\\/\",\"url\":\"https:\\\/\\\/wetruf.com\\\/wp-content\\\/uploads\\\/2022\\\/12\\\/WETRUF-Logo-1.png\",\"contentUrl\":\"https:\\\/\\\/wetruf.com\\\/wp-content\\\/uploads\\\/2022\\\/12\\\/WETRUF-Logo-1.png\",\"width\":800,\"height\":800,\"caption\":\"WETRUF\"},\"image\":{\"@id\":\"https:\\\/\\\/wetruf.com\\\/#\\\/schema\\\/logo\\\/image\\\/\"}}]}<\/script>\n<!-- \/ Yoast SEO plugin. -->","yoast_head_json":{"title":"Contacte con - WETRUF","description":"Contacta con WETRUF y recibe atenci\u00f3n personalizada para impulsar tu proyecto de truficultura con el apoyo de nuestros expertos.","robots":{"index":"index","follow":"follow","max-snippet":"max-snippet:-1","max-image-preview":"max-image-preview:large","max-video-preview":"max-video-preview:-1"},"canonical":"https:\/\/wetruf.com\/es\/contacte-con\/","og_locale":"es_ES","og_type":"article","og_title":"Contacte con - WETRUF","og_description":"Contacta con WETRUF y recibe atenci\u00f3n personalizada para impulsar tu proyecto de truficultura con el apoyo de nuestros expertos.","og_url":"https:\/\/wetruf.com\/es\/contacte-con\/","og_site_name":"WETRUF","article_modified_time":"2025-06-30T10:07:46+00:00","twitter_card":"summary_large_image","schema":{"@context":"https:\/\/schema.org","@graph":[{"@type":"WebPage","@id":"https:\/\/wetruf.com\/es\/contacte-con\/","url":"https:\/\/wetruf.com\/es\/contacte-con\/","name":"Contacte con - WETRUF","isPartOf":{"@id":"https:\/\/wetruf.com\/#website"},"datePublished":"2022-10-24T16:15:20+00:00","dateModified":"2025-06-30T10:07:46+00:00","description":"Contacta con WETRUF y recibe atenci\u00f3n personalizada para impulsar tu proyecto de truficultura con el apoyo de nuestros expertos.","breadcrumb":{"@id":"https:\/\/wetruf.com\/es\/contacte-con\/#breadcrumb"},"inLanguage":"es","potentialAction":[{"@type":"ReadAction","target":["https:\/\/wetruf.com\/es\/contacte-con\/"]}]},{"@type":"BreadcrumbList","@id":"https:\/\/wetruf.com\/es\/contacte-con\/#breadcrumb","itemListElement":[{"@type":"ListItem","position":1,"name":"Home","item":"https:\/\/wetruf.com\/"},{"@type":"ListItem","position":2,"name":"Contacte con"}]},{"@type":"WebSite","@id":"https:\/\/wetruf.com\/#website","url":"https:\/\/wetruf.com\/","name":"WETRUF","description":"French innovation for truffle","publisher":{"@id":"https:\/\/wetruf.com\/#organization"},"potentialAction":[{"@type":"SearchAction","target":{"@type":"EntryPoint","urlTemplate":"https:\/\/wetruf.com\/?s={search_term_string}"},"query-input":{"@type":"PropertyValueSpecification","valueRequired":true,"valueName":"search_term_string"}}],"inLanguage":"es"},{"@type":"Organization","@id":"https:\/\/wetruf.com\/#organization","name":"WETRUF","url":"https:\/\/wetruf.com\/","logo":{"@type":"ImageObject","inLanguage":"es","@id":"https:\/\/wetruf.com\/#\/schema\/logo\/image\/","url":"https:\/\/wetruf.com\/wp-content\/uploads\/2022\/12\/WETRUF-Logo-1.png","contentUrl":"https:\/\/wetruf.com\/wp-content\/uploads\/2022\/12\/WETRUF-Logo-1.png","width":800,"height":800,"caption":"WETRUF"},"image":{"@id":"https:\/\/wetruf.com\/#\/schema\/logo\/image\/"}}]}},"_links":{"self":[{"href":"https:\/\/wetruf.com\/es\/wp-json\/wp\/v2\/pages\/5692","targetHints":{"allow":["GET"]}}],"collection":[{"href":"https:\/\/wetruf.com\/es\/wp-json\/wp\/v2\/pages"}],"about":[{"href":"https:\/\/wetruf.com\/es\/wp-json\/wp\/v2\/types\/page"}],"author":[{"embeddable":true,"href":"https:\/\/wetruf.com\/es\/wp-json\/wp\/v2\/users\/1"}],"replies":[{"embeddable":true,"href":"https:\/\/wetruf.com\/es\/wp-json\/wp\/v2\/comments?post=5692"}],"version-history":[{"count":0,"href":"https:\/\/wetruf.com\/es\/wp-json\/wp\/v2\/pages\/5692\/revisions"}],"wp:attachment":[{"href":"https:\/\/wetruf.com\/es\/wp-json\/wp\/v2\/media?parent=5692"}],"curies":[{"name":"wp","href":"https:\/\/api.w.org\/{rel}","templated":true}]}}