{"id":5761,"date":"2022-10-27T14:47:41","date_gmt":"2022-10-27T12:47:41","guid":{"rendered":"https:\/\/wetruf.com\/utilizacion-de-la-sonda-de-yeso\/"},"modified":"2025-06-30T12:33:02","modified_gmt":"2025-06-30T10:33:02","slug":"utilizacion-de-la-sonda-de-yeso","status":"publish","type":"page","link":"https:\/\/wetruf.com\/es\/utilizacion-de-la-sonda-de-yeso\/","title":{"rendered":"Utilizaci\u00f3n de la sonda de yeso"},"content":{"rendered":"\t\t<div data-elementor-type=\"wp-page\" data-elementor-id=\"5761\" class=\"elementor elementor-5761 elementor-3774\" data-elementor-post-type=\"page\">\n\t\t\t\t\t\t<section class=\"elementor-section elementor-top-section elementor-element elementor-element-1765ecd1 elementor-section-boxed elementor-section-height-default elementor-section-height-default\" data-id=\"1765ecd1\" data-element_type=\"section\" data-e-type=\"section\">\n\t\t\t\t\t\t<div class=\"elementor-container elementor-column-gap-default\">\n\t\t\t\t\t<div class=\"elementor-column elementor-col-100 elementor-top-column elementor-element elementor-element-8a04ed6\" data-id=\"8a04ed6\" data-element_type=\"column\" data-e-type=\"column\">\n\t\t\t<div class=\"elementor-widget-wrap elementor-element-populated\">\n\t\t\t\t\t\t<div class=\"elementor-element elementor-element-22a8245 elementor-widget elementor-widget-video\" data-id=\"22a8245\" data-element_type=\"widget\" data-e-type=\"widget\" data-settings=\"{&quot;youtube_url&quot;:&quot;https:\\\/\\\/www.youtube.com\\\/watch?v=4MaoJ9mFrN8&amp;t=33s&quot;,&quot;autoplay&quot;:&quot;yes&quot;,&quot;video_type&quot;:&quot;youtube&quot;,&quot;controls&quot;:&quot;yes&quot;}\" data-widget_type=\"video.default\">\n\t\t\t\t<div class=\"elementor-widget-container\">\n\t\t\t\t\t\t\t<div class=\"elementor-wrapper elementor-open-inline\">\n\t\t\t<div class=\"elementor-video\"><\/div>\t\t<\/div>\n\t\t\t\t\t\t<\/div>\n\t\t\t\t<\/div>\n\t\t\t\t<div class=\"elementor-element elementor-element-6e32ef85 elementor-widget elementor-widget-text-editor\" data-id=\"6e32ef85\" data-element_type=\"widget\" data-e-type=\"widget\" data-widget_type=\"text-editor.default\">\n\t\t\t\t<div class=\"elementor-widget-container\">\n\t\t\t\t\t\t\t\t\t\n<p><strong>\u00bfC\u00f3mo instalar la sonda de escayola?<\/strong><\/p>\n\n\n\n<p>El sensor de yeso de la sonda se entierra en el suelo y est\u00e1 destinado a permanecer de forma permanente para permitir la gesti\u00f3n del suministro de agua. El conector del extremo de la sonda permanece fuera del suelo y puede, por ejemplo, fijarse a una estaca para mayor comodidad.&nbsp;<\/p>\n\n\n\n<p>El colector de yeso se instala a unos 15 cm de profundidad:<\/p>\n\n\n\n<ul>\n<li>al pie del \u00e1rbol, en la zona de recolecci\u00f3n de la trufa, o \u00ab&nbsp;quemado&nbsp;\u00bb &#8211; Tenga cuidado donde coloca la sonda al trabajar el suelo<\/li>\n\n\n\n<li>o al final de la arboleda, en el caso de un campo joven de trufas, por ejemplo, para no interferir con un laboreo m\u00e1s frecuente.<\/li>\n<\/ul>\n\n\n\n<div style=\"height:30px\" aria-hidden=\"true\" class=\"wp-block-spacer\"><\/div>\n\n\n\n<p><strong>Algunos factores importantes pueden influir en la medici\u00f3n del pF. Para una medici\u00f3n \u00f3ptima y un control eficaz del pF, debe seguirse atentamente el protocolo detallado de instalaci\u00f3n de la sonda en el suelo (suministrado con el equipo) e ilustrado en el v\u00eddeo tutorial que figura a continuaci\u00f3n.<\/strong><\/p>\n\n\n\n<div style=\"height:30px\" aria-hidden=\"true\" class=\"wp-block-spacer\"><\/div>\n\n\n\n<div style=\"height:30px\" aria-hidden=\"true\" class=\"wp-block-spacer\"><\/div>\n\n\n\n<p><strong>\u00bfC\u00f3mo hacer operativa la sonda de escayola?<\/strong><\/p>\n\n\n\n<p>La sonda de yeso no requiere ninguna calibraci\u00f3n, se equilibrar\u00e1 de forma natural con el suelo en unos d\u00edas y ser\u00e1 plenamente operativa tras homogeneizarse con el suelo que la rodea, despu\u00e9s de una lluvia intensa, por ejemplo. Si no se esperan lluvias, se recomienda regar intensamente la zona despu\u00e9s de instalar la sonda.<\/p>\n\n\n\n<div style=\"height:30px\" aria-hidden=\"true\" class=\"wp-block-spacer\"><\/div>\n\n\n\n<p><strong>\u00bfCu\u00e1ntas sondas deben instalarse en un emplazamiento?<\/strong><\/p>\n\n\n\n<p>Es posible instalar una red completa de sensores en toda la plantaci\u00f3n o equipar s\u00f3lo unos pocos \u00e1rboles o parcelas de la plantaci\u00f3n. El n\u00famero de sondas a instalar depender\u00e1 principalmente de las caracter\u00edsticas del terreno. Si la textura y\/o la composici\u00f3n fisicoqu\u00edmica del suelo son heterog\u00e9neas en toda la superficie, se recomienda instalar sondas en cada subparcela diferente del emplazamiento.&nbsp;<\/p>\n\n\n\n<div style=\"height:20px\" aria-hidden=\"true\" class=\"wp-block-spacer\"><\/div>\n\n\n\n<p><strong>\u00bfCu\u00e1nto dura una escayola?&nbsp;<\/strong><\/p>\n\n\n\n<p>Una vez instaladas, las sondas de yeso tienen una vida \u00fatil de 2 a 5 a\u00f1os, dependiendo de la naturaleza del suelo. Se recomienda retirar las sondas durante el invierno para prolongar a\u00fan m\u00e1s su vida \u00fatil.<\/p>\n\n\n\n<div style=\"height:20px\" aria-hidden=\"true\" class=\"wp-block-spacer\"><\/div>\n\n\n\n<p><strong>\u00bfQu\u00e9 precauciones hay que tomar?&nbsp;<\/strong><\/p>\n\n\n\n<p>Algunos factores importantes pueden influir en la medici\u00f3n del pF.&nbsp;<\/p>\n\n\n\n<p>Para que la medici\u00f3n sea eficaz, es importante asegurarse de que la sonda est\u00e1 en contacto directo con el suelo retirando las piedras grandes de las proximidades de la sonda, si es necesario, o mediante un cribado grueso. No obstante, hay que tener cuidado de no desviarse de las condiciones reales del emplazamiento modificando en exceso la naturaleza del suelo de la zona donde se instale la sonda.<\/p>\n\n\n\n<p>La vegetaci\u00f3n de la zona donde se instale la sonda tambi\u00e9n debe retirarse para evitar un\u00ab&nbsp;mecha&nbsp;\u00bb.<\/p>\n\n\n\n<p>Las sondas pueden retirarse del suelo a principios del invierno y volver a instalarse la primavera siguiente.&nbsp;<\/p>\n\n\n\n<p>Las sondas tambi\u00e9n pueden retirarse para el laboreo y volver a instalarse.&nbsp;<\/p>\n\n\n\n<p>En caso de falta de agua y sequ\u00eda, puede producirse un contacto deficiente o incluso la p\u00e9rdida de contacto del sensor con el suelo. En este caso, hay que desenterrar la sonda, empaparla en agua y volver a instalarla.<\/p>\n\t\t\t\t\t\t\t\t<\/div>\n\t\t\t\t<\/div>\n\t\t\t\t\t<\/div>\n\t\t<\/div>\n\t\t\t\t\t<\/div>\n\t\t<\/section>\n\t\t\t\t<\/div>\n\t\t","protected":false},"excerpt":{"rendered":"<p>\u00bfC\u00f3mo instalar la sonda de escayola? El sensor de yeso de la sonda se entierra en el suelo y est\u00e1 destinado a permanecer de forma permanente para permitir la gesti\u00f3n del suministro de agua. El conector del extremo de la sonda permanece fuera del suelo y puede, por ejemplo, fijarse a una estaca para mayor [&hellip;]<\/p>\n","protected":false},"author":1,"featured_media":0,"parent":0,"menu_order":0,"comment_status":"closed","ping_status":"closed","template":"","meta":{"footnotes":""},"class_list":["post-5761","page","type-page","status-publish","hentry"],"yoast_head":"<!-- This site is optimized with the Yoast SEO plugin v27.4 - https:\/\/yoast.com\/product\/yoast-seo-wordpress\/ -->\n<title>Utilizaci\u00f3n de la sonda de yeso - WETRUF<\/title>\n<meta name=\"description\" content=\"Aprende a utilizar la sonda de yeso para una medici\u00f3n precisa de la humedad del suelo y optimiza el riego en el cultivo de trufas.\" \/>\n<meta name=\"robots\" content=\"index, follow, max-snippet:-1, max-image-preview:large, max-video-preview:-1\" \/>\n<link rel=\"canonical\" href=\"https:\/\/wetruf.com\/es\/utilizacion-de-la-sonda-de-yeso\/\" \/>\n<meta property=\"og:locale\" content=\"es_ES\" \/>\n<meta property=\"og:type\" content=\"article\" \/>\n<meta property=\"og:title\" content=\"Utilizaci\u00f3n de la sonda de yeso - WETRUF\" \/>\n<meta property=\"og:description\" content=\"Aprende a utilizar la sonda de yeso para una medici\u00f3n precisa de la humedad del suelo y optimiza el riego en el cultivo de trufas.\" \/>\n<meta property=\"og:url\" content=\"https:\/\/wetruf.com\/es\/utilizacion-de-la-sonda-de-yeso\/\" \/>\n<meta property=\"og:site_name\" content=\"WETRUF\" \/>\n<meta property=\"article:modified_time\" content=\"2025-06-30T10:33:02+00:00\" \/>\n<meta name=\"twitter:card\" content=\"summary_large_image\" \/>\n<meta name=\"twitter:label1\" content=\"Tiempo de lectura\" \/>\n\t<meta name=\"twitter:data1\" content=\"3 minutos\" \/>\n<script type=\"application\/ld+json\" class=\"yoast-schema-graph\">{\"@context\":\"https:\\\/\\\/schema.org\",\"@graph\":[{\"@type\":\"WebPage\",\"@id\":\"https:\\\/\\\/wetruf.com\\\/es\\\/utilizacion-de-la-sonda-de-yeso\\\/\",\"url\":\"https:\\\/\\\/wetruf.com\\\/es\\\/utilizacion-de-la-sonda-de-yeso\\\/\",\"name\":\"Utilizaci\u00f3n de la sonda de yeso - WETRUF\",\"isPartOf\":{\"@id\":\"https:\\\/\\\/wetruf.com\\\/#website\"},\"datePublished\":\"2022-10-27T12:47:41+00:00\",\"dateModified\":\"2025-06-30T10:33:02+00:00\",\"description\":\"Aprende a utilizar la sonda de yeso para una medici\u00f3n precisa de la humedad del suelo y optimiza el riego en el cultivo de trufas.\",\"breadcrumb\":{\"@id\":\"https:\\\/\\\/wetruf.com\\\/es\\\/utilizacion-de-la-sonda-de-yeso\\\/#breadcrumb\"},\"inLanguage\":\"es\",\"potentialAction\":[{\"@type\":\"ReadAction\",\"target\":[\"https:\\\/\\\/wetruf.com\\\/es\\\/utilizacion-de-la-sonda-de-yeso\\\/\"]}]},{\"@type\":\"BreadcrumbList\",\"@id\":\"https:\\\/\\\/wetruf.com\\\/es\\\/utilizacion-de-la-sonda-de-yeso\\\/#breadcrumb\",\"itemListElement\":[{\"@type\":\"ListItem\",\"position\":1,\"name\":\"Home\",\"item\":\"https:\\\/\\\/wetruf.com\\\/\"},{\"@type\":\"ListItem\",\"position\":2,\"name\":\"Utilizaci\u00f3n de la sonda de yeso\"}]},{\"@type\":\"WebSite\",\"@id\":\"https:\\\/\\\/wetruf.com\\\/#website\",\"url\":\"https:\\\/\\\/wetruf.com\\\/\",\"name\":\"WETRUF\",\"description\":\"French innovation for truffle\",\"publisher\":{\"@id\":\"https:\\\/\\\/wetruf.com\\\/#organization\"},\"potentialAction\":[{\"@type\":\"SearchAction\",\"target\":{\"@type\":\"EntryPoint\",\"urlTemplate\":\"https:\\\/\\\/wetruf.com\\\/?s={search_term_string}\"},\"query-input\":{\"@type\":\"PropertyValueSpecification\",\"valueRequired\":true,\"valueName\":\"search_term_string\"}}],\"inLanguage\":\"es\"},{\"@type\":\"Organization\",\"@id\":\"https:\\\/\\\/wetruf.com\\\/#organization\",\"name\":\"WETRUF\",\"url\":\"https:\\\/\\\/wetruf.com\\\/\",\"logo\":{\"@type\":\"ImageObject\",\"inLanguage\":\"es\",\"@id\":\"https:\\\/\\\/wetruf.com\\\/#\\\/schema\\\/logo\\\/image\\\/\",\"url\":\"https:\\\/\\\/wetruf.com\\\/wp-content\\\/uploads\\\/2022\\\/12\\\/WETRUF-Logo-1.png\",\"contentUrl\":\"https:\\\/\\\/wetruf.com\\\/wp-content\\\/uploads\\\/2022\\\/12\\\/WETRUF-Logo-1.png\",\"width\":800,\"height\":800,\"caption\":\"WETRUF\"},\"image\":{\"@id\":\"https:\\\/\\\/wetruf.com\\\/#\\\/schema\\\/logo\\\/image\\\/\"}}]}<\/script>\n<!-- \/ Yoast SEO plugin. -->","yoast_head_json":{"title":"Utilizaci\u00f3n de la sonda de yeso - WETRUF","description":"Aprende a utilizar la sonda de yeso para una medici\u00f3n precisa de la humedad del suelo y optimiza el riego en el cultivo de trufas.","robots":{"index":"index","follow":"follow","max-snippet":"max-snippet:-1","max-image-preview":"max-image-preview:large","max-video-preview":"max-video-preview:-1"},"canonical":"https:\/\/wetruf.com\/es\/utilizacion-de-la-sonda-de-yeso\/","og_locale":"es_ES","og_type":"article","og_title":"Utilizaci\u00f3n de la sonda de yeso - WETRUF","og_description":"Aprende a utilizar la sonda de yeso para una medici\u00f3n precisa de la humedad del suelo y optimiza el riego en el cultivo de trufas.","og_url":"https:\/\/wetruf.com\/es\/utilizacion-de-la-sonda-de-yeso\/","og_site_name":"WETRUF","article_modified_time":"2025-06-30T10:33:02+00:00","twitter_card":"summary_large_image","twitter_misc":{"Tiempo de lectura":"3 minutos"},"schema":{"@context":"https:\/\/schema.org","@graph":[{"@type":"WebPage","@id":"https:\/\/wetruf.com\/es\/utilizacion-de-la-sonda-de-yeso\/","url":"https:\/\/wetruf.com\/es\/utilizacion-de-la-sonda-de-yeso\/","name":"Utilizaci\u00f3n de la sonda de yeso - WETRUF","isPartOf":{"@id":"https:\/\/wetruf.com\/#website"},"datePublished":"2022-10-27T12:47:41+00:00","dateModified":"2025-06-30T10:33:02+00:00","description":"Aprende a utilizar la sonda de yeso para una medici\u00f3n precisa de la humedad del suelo y optimiza el riego en el cultivo de trufas.","breadcrumb":{"@id":"https:\/\/wetruf.com\/es\/utilizacion-de-la-sonda-de-yeso\/#breadcrumb"},"inLanguage":"es","potentialAction":[{"@type":"ReadAction","target":["https:\/\/wetruf.com\/es\/utilizacion-de-la-sonda-de-yeso\/"]}]},{"@type":"BreadcrumbList","@id":"https:\/\/wetruf.com\/es\/utilizacion-de-la-sonda-de-yeso\/#breadcrumb","itemListElement":[{"@type":"ListItem","position":1,"name":"Home","item":"https:\/\/wetruf.com\/"},{"@type":"ListItem","position":2,"name":"Utilizaci\u00f3n de la sonda de yeso"}]},{"@type":"WebSite","@id":"https:\/\/wetruf.com\/#website","url":"https:\/\/wetruf.com\/","name":"WETRUF","description":"French innovation for truffle","publisher":{"@id":"https:\/\/wetruf.com\/#organization"},"potentialAction":[{"@type":"SearchAction","target":{"@type":"EntryPoint","urlTemplate":"https:\/\/wetruf.com\/?s={search_term_string}"},"query-input":{"@type":"PropertyValueSpecification","valueRequired":true,"valueName":"search_term_string"}}],"inLanguage":"es"},{"@type":"Organization","@id":"https:\/\/wetruf.com\/#organization","name":"WETRUF","url":"https:\/\/wetruf.com\/","logo":{"@type":"ImageObject","inLanguage":"es","@id":"https:\/\/wetruf.com\/#\/schema\/logo\/image\/","url":"https:\/\/wetruf.com\/wp-content\/uploads\/2022\/12\/WETRUF-Logo-1.png","contentUrl":"https:\/\/wetruf.com\/wp-content\/uploads\/2022\/12\/WETRUF-Logo-1.png","width":800,"height":800,"caption":"WETRUF"},"image":{"@id":"https:\/\/wetruf.com\/#\/schema\/logo\/image\/"}}]}},"_links":{"self":[{"href":"https:\/\/wetruf.com\/es\/wp-json\/wp\/v2\/pages\/5761","targetHints":{"allow":["GET"]}}],"collection":[{"href":"https:\/\/wetruf.com\/es\/wp-json\/wp\/v2\/pages"}],"about":[{"href":"https:\/\/wetruf.com\/es\/wp-json\/wp\/v2\/types\/page"}],"author":[{"embeddable":true,"href":"https:\/\/wetruf.com\/es\/wp-json\/wp\/v2\/users\/1"}],"replies":[{"embeddable":true,"href":"https:\/\/wetruf.com\/es\/wp-json\/wp\/v2\/comments?post=5761"}],"version-history":[{"count":0,"href":"https:\/\/wetruf.com\/es\/wp-json\/wp\/v2\/pages\/5761\/revisions"}],"wp:attachment":[{"href":"https:\/\/wetruf.com\/es\/wp-json\/wp\/v2\/media?parent=5761"}],"curies":[{"name":"wp","href":"https:\/\/api.w.org\/{rel}","templated":true}]}}