{"id":5783,"date":"2023-01-10T12:14:37","date_gmt":"2023-01-10T11:14:37","guid":{"rendered":"https:\/\/wetruf.com\/quienes-somos\/referencias\/"},"modified":"2023-09-27T12:09:13","modified_gmt":"2023-09-27T10:09:13","slug":"referencias","status":"publish","type":"page","link":"https:\/\/wetruf.com\/es\/referencias\/","title":{"rendered":"Nuestras referencias"},"content":{"rendered":"\n<div style=\"height:30px\" aria-hidden=\"true\" class=\"wp-block-spacer\"><\/div>\n<p>[trustindex no-registration=google]<\/p>\n\n<div style=\"height:70px\" aria-hidden=\"true\" class=\"wp-block-spacer\"><\/div>\n\n<h3 class=\"wp-block-heading\">Sus historias&#8230;<\/h3>\n\n<h6 class=\"wp-block-heading has-text-color has-medium-font-size\" style=\"color:#34ae91;font-style:normal;font-weight:700\"><br\/><br\/>Guy sigue cursos de formaci\u00f3n y apoyo personalizado con WETRUF para diagnosticar su campo de trufas y su itinerario de gesti\u00f3n t\u00e9cnica. <br\/>Produjo sus primeras trufas este invierno de 2022 en su trufera de 8 a\u00f1os.<\/h6>\n\n<p class=\"has-small-font-size\">\u00abCursos de formaci\u00f3n muy buenos y completos, tanto en l\u00ednea como presenciales, sobre la creaci\u00f3n de una explotaci\u00f3n trufera &#8230; y el descubrimiento del misterio de las trufas. Desde la elecci\u00f3n del terreno y las plantas micorrizadas certificadas hasta la plantaci\u00f3n; desde el trabajo del suelo y el riego controlado hasta la poda de los \u00e1rboles; desde la sexualidad de la trufa hasta la siembra; desde el cavage hasta el adiestramiento del perro trufero, sin olvidar los aspectos administrativos de ser trufero. Todos sus cursos de formaci\u00f3n me han proporcionado la informaci\u00f3n que necesito para gestionar mi explotaci\u00f3n de trufas. <br\/><br\/>Quiero dar las gracias de nuevo a todo el equipo de wetruf, y en particular a FLORA TODESCO, Presidenta de SAS WETRUF, que dirigi\u00f3 estos cursos, acompa\u00f1ada por CLAUDE MURAT, ingeniero de investigaci\u00f3n desde hace m\u00e1s de 20 a\u00f1os en el INRAE, responsable de los programas de investigaci\u00f3n sobre la trufa, Recomiendo sinceramente estos cursos a todos los aficionados o profesionales que quieran iniciarse en el cultivo de la trufa. <br\/><br\/>Termino esta recomendaci\u00f3n con esta conocida canci\u00f3n: But I KNOW adaptada por Jean loup DABADIE para JEAN GABIN: maintenant je sais, je sais qu&#8217;on ne sait jamais&#8230;. <br\/>Abogado jubilado apasionado por las trufas, Guy GALMARD \u00ab<\/p>\n\n<div style=\"height:50px\" aria-hidden=\"true\" class=\"wp-block-spacer\"><\/div>\n\n<h6 class=\"wp-block-heading has-text-color has-medium-font-size\" style=\"color:#34ae91;font-style:normal;font-weight:700\">Jean-Pierre<strong> <\/strong>sigue cursos de formaci\u00f3n y apoyo personalizado con WETRUF para poner en marcha su proyecto de cultivo de trufas. <br\/>Las primeras plantas se plantar\u00e1n en oto\u00f1o de 2022. <\/h6>\n\n<p class=\"has-small-font-size\">\u00abComo completo novato en lo que se refiere al trabajo de la tierra y, lo que es m\u00e1s, al cultivo de la trufa, Wetruf me proporcion\u00f3 la informaci\u00f3n t\u00e9cnica y cient\u00edfica que necesitaba para establecer y gestionar mi explotaci\u00f3n de trufas.<br\/>Los cursos de formaci\u00f3n en l\u00ednea fueron y siguen siendo una gran ayuda para m\u00ed, porque los imparten profesionales competentes y con experiencia.<br\/>Flora Todesco proporciona respuestas precisas a las preguntas cient\u00edficas que no se abordan durante las sesiones de formaci\u00f3n, y le remite a especialistas si es necesario.<br\/>Recomiendo acompa\u00f1ar con Wetruf. <br\/>Jean-Pierre GENRIES \u00bb<\/p>\n","protected":false},"excerpt":{"rendered":"<p>Sus historias&#8230; Guy sigue cursos de formaci\u00f3n y apoyo personalizado con WETRUF para diagnosticar su campo de trufas y su itinerario de gesti\u00f3n t\u00e9cnica. Produjo sus primeras trufas este invierno de 2022 en su trufera de 8 a\u00f1os. \u00abCursos de formaci\u00f3n muy buenos y completos, tanto en l\u00ednea como presenciales, sobre la creaci\u00f3n de una [&hellip;]<\/p>\n","protected":false},"author":1,"featured_media":0,"parent":0,"menu_order":0,"comment_status":"closed","ping_status":"closed","template":"","meta":{"footnotes":""},"class_list":["post-5783","page","type-page","status-publish","hentry"],"yoast_head":"<!-- This site is optimized with the Yoast SEO plugin v27.4 - https:\/\/yoast.com\/product\/yoast-seo-wordpress\/ -->\n<title>Nuestras referencias - WETRUF<\/title>\n<meta name=\"robots\" content=\"index, follow, max-snippet:-1, max-image-preview:large, max-video-preview:-1\" \/>\n<link rel=\"canonical\" href=\"https:\/\/wetruf.com\/es\/referencias\/\" \/>\n<meta property=\"og:locale\" content=\"es_ES\" \/>\n<meta property=\"og:type\" content=\"article\" \/>\n<meta property=\"og:title\" content=\"Nuestras referencias - WETRUF\" \/>\n<meta property=\"og:description\" content=\"Sus historias&#8230; Guy sigue cursos de formaci\u00f3n y apoyo personalizado con WETRUF para diagnosticar su campo de trufas y su itinerario de gesti\u00f3n t\u00e9cnica. Produjo sus primeras trufas este invierno de 2022 en su trufera de 8 a\u00f1os. \u00abCursos de formaci\u00f3n muy buenos y completos, tanto en l\u00ednea como presenciales, sobre la creaci\u00f3n de una [&hellip;]\" \/>\n<meta property=\"og:url\" content=\"https:\/\/wetruf.com\/es\/referencias\/\" \/>\n<meta property=\"og:site_name\" content=\"WETRUF\" \/>\n<meta property=\"article:modified_time\" content=\"2023-09-27T10:09:13+00:00\" \/>\n<meta name=\"twitter:card\" content=\"summary_large_image\" \/>\n<meta name=\"twitter:label1\" content=\"Tiempo de lectura\" \/>\n\t<meta name=\"twitter:data1\" content=\"2 minutos\" \/>\n<script type=\"application\/ld+json\" class=\"yoast-schema-graph\">{\"@context\":\"https:\\\/\\\/schema.org\",\"@graph\":[{\"@type\":\"WebPage\",\"@id\":\"https:\\\/\\\/wetruf.com\\\/es\\\/referencias\\\/\",\"url\":\"https:\\\/\\\/wetruf.com\\\/es\\\/referencias\\\/\",\"name\":\"Nuestras referencias - WETRUF\",\"isPartOf\":{\"@id\":\"https:\\\/\\\/wetruf.com\\\/#website\"},\"datePublished\":\"2023-01-10T11:14:37+00:00\",\"dateModified\":\"2023-09-27T10:09:13+00:00\",\"breadcrumb\":{\"@id\":\"https:\\\/\\\/wetruf.com\\\/es\\\/referencias\\\/#breadcrumb\"},\"inLanguage\":\"es\",\"potentialAction\":[{\"@type\":\"ReadAction\",\"target\":[\"https:\\\/\\\/wetruf.com\\\/es\\\/referencias\\\/\"]}]},{\"@type\":\"BreadcrumbList\",\"@id\":\"https:\\\/\\\/wetruf.com\\\/es\\\/referencias\\\/#breadcrumb\",\"itemListElement\":[{\"@type\":\"ListItem\",\"position\":1,\"name\":\"Home\",\"item\":\"https:\\\/\\\/wetruf.com\\\/\"},{\"@type\":\"ListItem\",\"position\":2,\"name\":\"Nuestras referencias\"}]},{\"@type\":\"WebSite\",\"@id\":\"https:\\\/\\\/wetruf.com\\\/#website\",\"url\":\"https:\\\/\\\/wetruf.com\\\/\",\"name\":\"WETRUF\",\"description\":\"French innovation for truffle\",\"publisher\":{\"@id\":\"https:\\\/\\\/wetruf.com\\\/#organization\"},\"potentialAction\":[{\"@type\":\"SearchAction\",\"target\":{\"@type\":\"EntryPoint\",\"urlTemplate\":\"https:\\\/\\\/wetruf.com\\\/?s={search_term_string}\"},\"query-input\":{\"@type\":\"PropertyValueSpecification\",\"valueRequired\":true,\"valueName\":\"search_term_string\"}}],\"inLanguage\":\"es\"},{\"@type\":\"Organization\",\"@id\":\"https:\\\/\\\/wetruf.com\\\/#organization\",\"name\":\"WETRUF\",\"url\":\"https:\\\/\\\/wetruf.com\\\/\",\"logo\":{\"@type\":\"ImageObject\",\"inLanguage\":\"es\",\"@id\":\"https:\\\/\\\/wetruf.com\\\/#\\\/schema\\\/logo\\\/image\\\/\",\"url\":\"https:\\\/\\\/wetruf.com\\\/wp-content\\\/uploads\\\/2022\\\/12\\\/WETRUF-Logo-1.png\",\"contentUrl\":\"https:\\\/\\\/wetruf.com\\\/wp-content\\\/uploads\\\/2022\\\/12\\\/WETRUF-Logo-1.png\",\"width\":800,\"height\":800,\"caption\":\"WETRUF\"},\"image\":{\"@id\":\"https:\\\/\\\/wetruf.com\\\/#\\\/schema\\\/logo\\\/image\\\/\"}}]}<\/script>\n<!-- \/ Yoast SEO plugin. -->","yoast_head_json":{"title":"Nuestras referencias - WETRUF","robots":{"index":"index","follow":"follow","max-snippet":"max-snippet:-1","max-image-preview":"max-image-preview:large","max-video-preview":"max-video-preview:-1"},"canonical":"https:\/\/wetruf.com\/es\/referencias\/","og_locale":"es_ES","og_type":"article","og_title":"Nuestras referencias - WETRUF","og_description":"Sus historias&#8230; Guy sigue cursos de formaci\u00f3n y apoyo personalizado con WETRUF para diagnosticar su campo de trufas y su itinerario de gesti\u00f3n t\u00e9cnica. Produjo sus primeras trufas este invierno de 2022 en su trufera de 8 a\u00f1os. \u00abCursos de formaci\u00f3n muy buenos y completos, tanto en l\u00ednea como presenciales, sobre la creaci\u00f3n de una [&hellip;]","og_url":"https:\/\/wetruf.com\/es\/referencias\/","og_site_name":"WETRUF","article_modified_time":"2023-09-27T10:09:13+00:00","twitter_card":"summary_large_image","twitter_misc":{"Tiempo de lectura":"2 minutos"},"schema":{"@context":"https:\/\/schema.org","@graph":[{"@type":"WebPage","@id":"https:\/\/wetruf.com\/es\/referencias\/","url":"https:\/\/wetruf.com\/es\/referencias\/","name":"Nuestras referencias - WETRUF","isPartOf":{"@id":"https:\/\/wetruf.com\/#website"},"datePublished":"2023-01-10T11:14:37+00:00","dateModified":"2023-09-27T10:09:13+00:00","breadcrumb":{"@id":"https:\/\/wetruf.com\/es\/referencias\/#breadcrumb"},"inLanguage":"es","potentialAction":[{"@type":"ReadAction","target":["https:\/\/wetruf.com\/es\/referencias\/"]}]},{"@type":"BreadcrumbList","@id":"https:\/\/wetruf.com\/es\/referencias\/#breadcrumb","itemListElement":[{"@type":"ListItem","position":1,"name":"Home","item":"https:\/\/wetruf.com\/"},{"@type":"ListItem","position":2,"name":"Nuestras referencias"}]},{"@type":"WebSite","@id":"https:\/\/wetruf.com\/#website","url":"https:\/\/wetruf.com\/","name":"WETRUF","description":"French innovation for truffle","publisher":{"@id":"https:\/\/wetruf.com\/#organization"},"potentialAction":[{"@type":"SearchAction","target":{"@type":"EntryPoint","urlTemplate":"https:\/\/wetruf.com\/?s={search_term_string}"},"query-input":{"@type":"PropertyValueSpecification","valueRequired":true,"valueName":"search_term_string"}}],"inLanguage":"es"},{"@type":"Organization","@id":"https:\/\/wetruf.com\/#organization","name":"WETRUF","url":"https:\/\/wetruf.com\/","logo":{"@type":"ImageObject","inLanguage":"es","@id":"https:\/\/wetruf.com\/#\/schema\/logo\/image\/","url":"https:\/\/wetruf.com\/wp-content\/uploads\/2022\/12\/WETRUF-Logo-1.png","contentUrl":"https:\/\/wetruf.com\/wp-content\/uploads\/2022\/12\/WETRUF-Logo-1.png","width":800,"height":800,"caption":"WETRUF"},"image":{"@id":"https:\/\/wetruf.com\/#\/schema\/logo\/image\/"}}]}},"_links":{"self":[{"href":"https:\/\/wetruf.com\/es\/wp-json\/wp\/v2\/pages\/5783","targetHints":{"allow":["GET"]}}],"collection":[{"href":"https:\/\/wetruf.com\/es\/wp-json\/wp\/v2\/pages"}],"about":[{"href":"https:\/\/wetruf.com\/es\/wp-json\/wp\/v2\/types\/page"}],"author":[{"embeddable":true,"href":"https:\/\/wetruf.com\/es\/wp-json\/wp\/v2\/users\/1"}],"replies":[{"embeddable":true,"href":"https:\/\/wetruf.com\/es\/wp-json\/wp\/v2\/comments?post=5783"}],"version-history":[{"count":0,"href":"https:\/\/wetruf.com\/es\/wp-json\/wp\/v2\/pages\/5783\/revisions"}],"wp:attachment":[{"href":"https:\/\/wetruf.com\/es\/wp-json\/wp\/v2\/media?parent=5783"}],"curies":[{"name":"wp","href":"https:\/\/api.w.org\/{rel}","templated":true}]}}