{"id":8828,"date":"2023-09-13T09:30:22","date_gmt":"2023-09-13T07:30:22","guid":{"rendered":"https:\/\/wetruf.com\/nuestros-valores\/"},"modified":"2024-03-01T14:58:17","modified_gmt":"2024-03-01T13:58:17","slug":"nuestros-valores","status":"publish","type":"page","link":"https:\/\/wetruf.com\/es\/nuestros-valores\/","title":{"rendered":"Nuestros valores"},"content":{"rendered":"\t\t<div data-elementor-type=\"wp-page\" data-elementor-id=\"8828\" class=\"elementor elementor-8828 elementor-8832\" data-elementor-post-type=\"page\">\n\t\t\t\t\t\t<section class=\"elementor-section elementor-top-section elementor-element elementor-element-7ff1043 elementor-section-boxed elementor-section-height-default elementor-section-height-default\" data-id=\"7ff1043\" data-element_type=\"section\" data-e-type=\"section\">\n\t\t\t\t\t\t<div class=\"elementor-container elementor-column-gap-default\">\n\t\t\t\t\t<div class=\"elementor-column elementor-col-100 elementor-top-column elementor-element elementor-element-b1d1ec8\" data-id=\"b1d1ec8\" data-element_type=\"column\" data-e-type=\"column\">\n\t\t\t<div class=\"elementor-widget-wrap elementor-element-populated\">\n\t\t\t\t\t\t<div class=\"elementor-element elementor-element-98691dd elementor-widget__width-initial elementor-widget elementor-widget-text-editor\" data-id=\"98691dd\" data-element_type=\"widget\" data-e-type=\"widget\" data-widget_type=\"text-editor.default\">\n\t\t\t\t<div class=\"elementor-widget-container\">\n\t\t\t\t\t\t\t\t\t<h2>Colaborar y compartir<\/h2>\n<p><span style=\"color: #5a404b;\">Trabajamos en un <strong>ecosistema<\/strong> est\u00e1 formado por un amplio abanico de agentes a lo largo de toda la cadena de valor del producto trufado: cient\u00edficos e investigadores&gt;los productores&gt; intermediarios, minoristas y conserveros&gt; restauradores&gt; consumidores. Cada eslab\u00f3n de la cadena tiene un papel que desempe\u00f1ar. Cada pieza es <strong>complementario <\/strong>otra. Nuestro reto consiste en tender un puente entre la investigaci\u00f3n y la cultura. Entre ciencia y tecnolog\u00eda. Cada uno de nosotros contribuye al \u00e9xito de nuestra misi\u00f3n.<br \/><\/span><span style=\"color: #5a404b;\">Del mismo modo, el<strong>WETRUF<\/strong> es<strong>multidisciplinare<\/strong> y se compone de miembros cada uno con su propia \u00e1rea de especializaci\u00f3n: biolog\u00eda, biotecnolog\u00eda, agronom\u00eda, ingenier\u00eda de materiales. Trabajar bien<strong> colaboraci\u00f3n<\/strong> es esencial y primordial.<\/span><\/p>\n<h2>Pragmatismo y profesionalidad<\/h2>\n<p style=\"caret-color: #000000; color: #000000;\"><span style=\"color: #5a404b;\">Dado que somos un equipo fundador de cient\u00edficos, es este car\u00e1cter cartesiano el que nos define desde el principio, y el que naturalmente reconocen nuestros clientes. El sombrero cient\u00edfico es importante para<strong>WETRUF<\/strong> y nuestra credibilidad ante el p\u00fablico.<\/span><\/p>\n<p style=\"caret-color: #000000; color: #000000;\"><span style=\"color: #5a404b;\">Pero <strong>WETRUF<\/strong>es tambi\u00e9n una empresa que tiene el deber de actuar con responsabilidad. <strong>eficacia<\/strong>, <strong>capacidad de respuesta<\/strong>, simplemente accediendo a l\u2019<strong>esencial<\/strong>, y nunca dar consejos que puedan resultar perjudiciales.<\/span><\/p>\n<p style=\"caret-color: #000000; color: #000000;\"><span style=\"color: #5a404b;\">Nos basamos principalmente en cifras, experimentos y datos <strong>tangible<\/strong> para dar nuestros consejos y crear nuestros cursos de formaci\u00f3n.<\/span><\/p>\n<p style=\"caret-color: #000000; color: #000000;\"><span style=\"color: #5a404b;\">Todo ello con el objetivo \u00faltimo de <strong>rentabilidad<\/strong>,para<strong>WETRUF<\/strong> como para el consumidor.<\/span><\/p>\n<h2>Transparencia y simpat\u00eda<\/h2>\n<p style=\"caret-color: #000000; color: #000000;\"><span style=\"color: #5a404b;\">En una preocupaci\u00f3n <strong>honradez<\/strong> Con el cliente o el empleado, indicamos cu\u00e1ndo podemos responder a una pregunta y cu\u00e1ndo no, aceptando que no sabemos lo que no sabemos.<\/span><\/p>\n<p style=\"caret-color: #000000; color: #000000;\"><span style=\"color: #5a404b;\">Sin rodeos, sin ambig\u00fcedades, ya sea en el contacto con el cliente o internamente en los intercambios entre los distintos miembros o las distintas jerarqu\u00edas.<\/span><\/p>\n<p style=\"caret-color: #000000; color: #000000;\"><span style=\"color: #5a404b;\">En <strong>WETRUF<\/strong>, hablamos de todo, y no dudamos en hablar de cifras, visiones, misiones y opiniones. Todo el mundo tiene derecho a opinar, en el <strong>respeto<\/strong>, la <strong>alegr\u00eda<\/strong> y el<strong>buen humor<\/strong> <\/span><\/p>\n\t\t\t\t\t\t\t\t<\/div>\n\t\t\t\t<\/div>\n\t\t\t\t\t<\/div>\n\t\t<\/div>\n\t\t\t\t\t<\/div>\n\t\t<\/section>\n\t\t\t\t<\/div>\n\t\t","protected":false},"excerpt":{"rendered":"<p>Colaborar y compartir Trabajamos en un ecosistema est\u00e1 formado por un amplio abanico de agentes a lo largo de toda la cadena de valor del producto trufado: cient\u00edficos e investigadores&gt;los productores&gt; intermediarios, minoristas y conserveros&gt; restauradores&gt; consumidores. Cada eslab\u00f3n de la cadena tiene un papel que desempe\u00f1ar. Cada pieza es complementario otra. Nuestro reto consiste [&hellip;]<\/p>\n","protected":false},"author":293,"featured_media":0,"parent":0,"menu_order":0,"comment_status":"closed","ping_status":"closed","template":"","meta":{"footnotes":""},"class_list":["post-8828","page","type-page","status-publish","hentry"],"yoast_head":"<!-- This site is optimized with the Yoast SEO plugin v27.4 - https:\/\/yoast.com\/product\/yoast-seo-wordpress\/ -->\n<title>Nuestros valores - WETRUF<\/title>\n<meta name=\"robots\" content=\"index, follow, max-snippet:-1, max-image-preview:large, max-video-preview:-1\" \/>\n<link rel=\"canonical\" href=\"https:\/\/wetruf.com\/es\/nuestros-valores\/\" \/>\n<meta property=\"og:locale\" content=\"es_ES\" \/>\n<meta property=\"og:type\" content=\"article\" \/>\n<meta property=\"og:title\" content=\"Nuestros valores - WETRUF\" \/>\n<meta property=\"og:description\" content=\"Colaborar y compartir Trabajamos en un ecosistema est\u00e1 formado por un amplio abanico de agentes a lo largo de toda la cadena de valor del producto trufado: cient\u00edficos e investigadores&gt;los productores&gt; intermediarios, minoristas y conserveros&gt; restauradores&gt; consumidores. Cada eslab\u00f3n de la cadena tiene un papel que desempe\u00f1ar. Cada pieza es complementario otra. Nuestro reto consiste [&hellip;]\" \/>\n<meta property=\"og:url\" content=\"https:\/\/wetruf.com\/es\/nuestros-valores\/\" \/>\n<meta property=\"og:site_name\" content=\"WETRUF\" \/>\n<meta property=\"article:modified_time\" content=\"2024-03-01T13:58:17+00:00\" \/>\n<meta name=\"twitter:card\" content=\"summary_large_image\" \/>\n<meta name=\"twitter:label1\" content=\"Tiempo de lectura\" \/>\n\t<meta name=\"twitter:data1\" content=\"2 minutos\" \/>\n<script type=\"application\/ld+json\" class=\"yoast-schema-graph\">{\"@context\":\"https:\\\/\\\/schema.org\",\"@graph\":[{\"@type\":\"WebPage\",\"@id\":\"https:\\\/\\\/wetruf.com\\\/es\\\/nuestros-valores\\\/\",\"url\":\"https:\\\/\\\/wetruf.com\\\/es\\\/nuestros-valores\\\/\",\"name\":\"Nuestros valores - WETRUF\",\"isPartOf\":{\"@id\":\"https:\\\/\\\/wetruf.com\\\/#website\"},\"datePublished\":\"2023-09-13T07:30:22+00:00\",\"dateModified\":\"2024-03-01T13:58:17+00:00\",\"breadcrumb\":{\"@id\":\"https:\\\/\\\/wetruf.com\\\/es\\\/nuestros-valores\\\/#breadcrumb\"},\"inLanguage\":\"es\",\"potentialAction\":[{\"@type\":\"ReadAction\",\"target\":[\"https:\\\/\\\/wetruf.com\\\/es\\\/nuestros-valores\\\/\"]}]},{\"@type\":\"BreadcrumbList\",\"@id\":\"https:\\\/\\\/wetruf.com\\\/es\\\/nuestros-valores\\\/#breadcrumb\",\"itemListElement\":[{\"@type\":\"ListItem\",\"position\":1,\"name\":\"Home\",\"item\":\"https:\\\/\\\/wetruf.com\\\/\"},{\"@type\":\"ListItem\",\"position\":2,\"name\":\"Nuestros valores\"}]},{\"@type\":\"WebSite\",\"@id\":\"https:\\\/\\\/wetruf.com\\\/#website\",\"url\":\"https:\\\/\\\/wetruf.com\\\/\",\"name\":\"WETRUF\",\"description\":\"French innovation for truffle\",\"publisher\":{\"@id\":\"https:\\\/\\\/wetruf.com\\\/#organization\"},\"potentialAction\":[{\"@type\":\"SearchAction\",\"target\":{\"@type\":\"EntryPoint\",\"urlTemplate\":\"https:\\\/\\\/wetruf.com\\\/?s={search_term_string}\"},\"query-input\":{\"@type\":\"PropertyValueSpecification\",\"valueRequired\":true,\"valueName\":\"search_term_string\"}}],\"inLanguage\":\"es\"},{\"@type\":\"Organization\",\"@id\":\"https:\\\/\\\/wetruf.com\\\/#organization\",\"name\":\"WETRUF\",\"url\":\"https:\\\/\\\/wetruf.com\\\/\",\"logo\":{\"@type\":\"ImageObject\",\"inLanguage\":\"es\",\"@id\":\"https:\\\/\\\/wetruf.com\\\/#\\\/schema\\\/logo\\\/image\\\/\",\"url\":\"https:\\\/\\\/wetruf.com\\\/wp-content\\\/uploads\\\/2022\\\/12\\\/WETRUF-Logo-1.png\",\"contentUrl\":\"https:\\\/\\\/wetruf.com\\\/wp-content\\\/uploads\\\/2022\\\/12\\\/WETRUF-Logo-1.png\",\"width\":800,\"height\":800,\"caption\":\"WETRUF\"},\"image\":{\"@id\":\"https:\\\/\\\/wetruf.com\\\/#\\\/schema\\\/logo\\\/image\\\/\"}}]}<\/script>\n<!-- \/ Yoast SEO plugin. -->","yoast_head_json":{"title":"Nuestros valores - WETRUF","robots":{"index":"index","follow":"follow","max-snippet":"max-snippet:-1","max-image-preview":"max-image-preview:large","max-video-preview":"max-video-preview:-1"},"canonical":"https:\/\/wetruf.com\/es\/nuestros-valores\/","og_locale":"es_ES","og_type":"article","og_title":"Nuestros valores - WETRUF","og_description":"Colaborar y compartir Trabajamos en un ecosistema est\u00e1 formado por un amplio abanico de agentes a lo largo de toda la cadena de valor del producto trufado: cient\u00edficos e investigadores&gt;los productores&gt; intermediarios, minoristas y conserveros&gt; restauradores&gt; consumidores. Cada eslab\u00f3n de la cadena tiene un papel que desempe\u00f1ar. Cada pieza es complementario otra. Nuestro reto consiste [&hellip;]","og_url":"https:\/\/wetruf.com\/es\/nuestros-valores\/","og_site_name":"WETRUF","article_modified_time":"2024-03-01T13:58:17+00:00","twitter_card":"summary_large_image","twitter_misc":{"Tiempo de lectura":"2 minutos"},"schema":{"@context":"https:\/\/schema.org","@graph":[{"@type":"WebPage","@id":"https:\/\/wetruf.com\/es\/nuestros-valores\/","url":"https:\/\/wetruf.com\/es\/nuestros-valores\/","name":"Nuestros valores - WETRUF","isPartOf":{"@id":"https:\/\/wetruf.com\/#website"},"datePublished":"2023-09-13T07:30:22+00:00","dateModified":"2024-03-01T13:58:17+00:00","breadcrumb":{"@id":"https:\/\/wetruf.com\/es\/nuestros-valores\/#breadcrumb"},"inLanguage":"es","potentialAction":[{"@type":"ReadAction","target":["https:\/\/wetruf.com\/es\/nuestros-valores\/"]}]},{"@type":"BreadcrumbList","@id":"https:\/\/wetruf.com\/es\/nuestros-valores\/#breadcrumb","itemListElement":[{"@type":"ListItem","position":1,"name":"Home","item":"https:\/\/wetruf.com\/"},{"@type":"ListItem","position":2,"name":"Nuestros valores"}]},{"@type":"WebSite","@id":"https:\/\/wetruf.com\/#website","url":"https:\/\/wetruf.com\/","name":"WETRUF","description":"French innovation for truffle","publisher":{"@id":"https:\/\/wetruf.com\/#organization"},"potentialAction":[{"@type":"SearchAction","target":{"@type":"EntryPoint","urlTemplate":"https:\/\/wetruf.com\/?s={search_term_string}"},"query-input":{"@type":"PropertyValueSpecification","valueRequired":true,"valueName":"search_term_string"}}],"inLanguage":"es"},{"@type":"Organization","@id":"https:\/\/wetruf.com\/#organization","name":"WETRUF","url":"https:\/\/wetruf.com\/","logo":{"@type":"ImageObject","inLanguage":"es","@id":"https:\/\/wetruf.com\/#\/schema\/logo\/image\/","url":"https:\/\/wetruf.com\/wp-content\/uploads\/2022\/12\/WETRUF-Logo-1.png","contentUrl":"https:\/\/wetruf.com\/wp-content\/uploads\/2022\/12\/WETRUF-Logo-1.png","width":800,"height":800,"caption":"WETRUF"},"image":{"@id":"https:\/\/wetruf.com\/#\/schema\/logo\/image\/"}}]}},"_links":{"self":[{"href":"https:\/\/wetruf.com\/es\/wp-json\/wp\/v2\/pages\/8828","targetHints":{"allow":["GET"]}}],"collection":[{"href":"https:\/\/wetruf.com\/es\/wp-json\/wp\/v2\/pages"}],"about":[{"href":"https:\/\/wetruf.com\/es\/wp-json\/wp\/v2\/types\/page"}],"author":[{"embeddable":true,"href":"https:\/\/wetruf.com\/es\/wp-json\/wp\/v2\/users\/293"}],"replies":[{"embeddable":true,"href":"https:\/\/wetruf.com\/es\/wp-json\/wp\/v2\/comments?post=8828"}],"version-history":[{"count":0,"href":"https:\/\/wetruf.com\/es\/wp-json\/wp\/v2\/pages\/8828\/revisions"}],"wp:attachment":[{"href":"https:\/\/wetruf.com\/es\/wp-json\/wp\/v2\/media?parent=8828"}],"curies":[{"name":"wp","href":"https:\/\/api.w.org\/{rel}","templated":true}]}}