{"id":29309,"date":"2023-01-10T17:33:28","date_gmt":"2023-01-10T16:33:28","guid":{"rendered":"https:\/\/wetruf.com\/formazione-in-presenza\/"},"modified":"2025-09-30T13:15:07","modified_gmt":"2025-09-30T11:15:07","slug":"formazione-in-presenza","status":"publish","type":"page","link":"https:\/\/wetruf.com\/it\/formazione-in-presenza\/","title":{"rendered":"Formazione in presenza"},"content":{"rendered":"\t\t<div data-elementor-type=\"wp-page\" data-elementor-id=\"29309\" class=\"elementor elementor-29309 elementor-4595\" data-elementor-post-type=\"page\">\n\t\t\t\t<div class=\"elementor-element elementor-element-9cd1f39 e-con-full e-flex e-con e-parent\" data-id=\"9cd1f39\" data-element_type=\"container\" data-e-type=\"container\" data-settings=\"{&quot;background_background&quot;:&quot;classic&quot;}\">\n\t\t<div class=\"elementor-element elementor-element-164cbc6 e-con-full e-flex e-con e-child\" data-id=\"164cbc6\" data-element_type=\"container\" data-e-type=\"container\">\n\t\t\t\t<div class=\"elementor-element elementor-element-64a0e9d elementor-widget elementor-widget-heading\" data-id=\"64a0e9d\" data-element_type=\"widget\" data-e-type=\"widget\" data-widget_type=\"heading.default\">\n\t\t\t\t<div class=\"elementor-widget-container\">\n\t\t\t\t\t<h1 class=\"elementor-heading-title elementor-size-default\">Formazione in presenza<\/h1>\t\t\t\t<\/div>\n\t\t\t\t<\/div>\n\t\t\t\t<div class=\"elementor-element elementor-element-af276bb elementor-widget__width-initial elementor-widget-mobile__width-inherit elementor-widget elementor-widget-text-editor\" data-id=\"af276bb\" data-element_type=\"widget\" data-e-type=\"widget\" data-widget_type=\"text-editor.default\">\n\t\t\t\t<div class=\"elementor-widget-container\">\n\t\t\t\t\t\t\t\t\t<p>I nostri corsi di formazione professionale<\/p>\t\t\t\t\t\t\t\t<\/div>\n\t\t\t\t<\/div>\n\t\t\t\t<\/div>\n\t\t\t\t<\/div>\n\t\t<div class=\"elementor-element elementor-element-ba1164a e-con-full e-flex e-con e-parent\" data-id=\"ba1164a\" data-element_type=\"container\" data-e-type=\"container\">\n\t\t<div class=\"elementor-element elementor-element-4160587 e-con-full e-flex e-con e-child\" data-id=\"4160587\" data-element_type=\"container\" data-e-type=\"container\">\n\t\t\t\t<div class=\"elementor-element elementor-element-697f412 elementor-grid-4 elementor-grid-tablet-2 elementor-grid-mobile-1 elementor-widget elementor-widget-loop-grid\" data-id=\"697f412\" data-element_type=\"widget\" data-e-type=\"widget\" data-settings=\"{&quot;template_id&quot;:13936,&quot;columns&quot;:4,&quot;_skin&quot;:&quot;post&quot;,&quot;columns_tablet&quot;:&quot;2&quot;,&quot;columns_mobile&quot;:&quot;1&quot;,&quot;edit_handle_selector&quot;:&quot;[data-elementor-type=\\&quot;loop-item\\&quot;]&quot;,&quot;row_gap&quot;:{&quot;unit&quot;:&quot;px&quot;,&quot;size&quot;:&quot;&quot;,&quot;sizes&quot;:[]},&quot;row_gap_tablet&quot;:{&quot;unit&quot;:&quot;px&quot;,&quot;size&quot;:&quot;&quot;,&quot;sizes&quot;:[]},&quot;row_gap_mobile&quot;:{&quot;unit&quot;:&quot;px&quot;,&quot;size&quot;:&quot;&quot;,&quot;sizes&quot;:[]}}\" data-widget_type=\"loop-grid.post\">\n\t\t\t\t<div class=\"elementor-widget-container\">\n\t\t\t\t\t\t\t<div class=\"elementor-loop-container elementor-grid\" role=\"list\">\n\t\t<style id=\"loop-13936\">.elementor-13936 .elementor-element.elementor-element-93e3933{--display:flex;--padding-top:0px;--padding-bottom:0px;--padding-left:0px;--padding-right:0px;}.elementor-13936 .elementor-element.elementor-element-08487f9 .elementor-cta__content{min-height:280px;text-align:start;padding:10% 10% 10% 10%;background-color:var( --e-global-color-2181199 );}.elementor-13936 .elementor-element.elementor-element-08487f9 .elementor-cta__bg-wrapper{min-height:250px;}.elementor-13936 .elementor-element.elementor-element-08487f9 .elementor-cta__title{font-family:var( --e-global-typography-accent-font-family ), Sans-serif;font-size:var( --e-global-typography-accent-font-size );font-weight:var( --e-global-typography-accent-font-weight );line-height:var( --e-global-typography-accent-line-height );color:var( --e-global-color-text );}.elementor-13936 .elementor-element.elementor-element-08487f9 .elementor-cta__title:not(:last-child){margin-bottom:30px;}.elementor-13936 .elementor-element.elementor-element-08487f9 .elementor-cta__button{color:var( --e-global-color-primary );border-color:var( --e-global-color-40aa843 );background-color:var( --e-global-color-40aa843 );}.elementor-13936 .elementor-element.elementor-element-08487f9 .elementor-cta__button:hover{color:var( --e-global-color-2181199 );background-color:var( --e-global-color-primary );border-color:var( --e-global-color-primary );}.elementor-13936 .elementor-element.elementor-element-08487f9 .elementor-cta:hover .elementor-cta__bg-overlay{background-color:#5A404BC2;}.elementor-13936 .elementor-element.elementor-element-08487f9 .elementor-cta .elementor-cta__bg, .elementor-13936 .elementor-element.elementor-element-08487f9 .elementor-cta .elementor-cta__bg-overlay{transition-duration:1500ms;}.elementor-13936 .elementor-element.elementor-element-08487f9 > .elementor-widget-container{border-radius:10px 10px 10px 10px;box-shadow:0px 0px 27px 6px rgba(0, 0, 0, 0.09);}@media(max-width:1024px){.elementor-13936 .elementor-element.elementor-element-08487f9 .elementor-cta__title{font-size:var( --e-global-typography-accent-font-size );line-height:var( --e-global-typography-accent-line-height );}}@media(max-width:767px){.elementor-13936 .elementor-element.elementor-element-08487f9 .elementor-cta__title{font-size:var( --e-global-typography-accent-font-size );line-height:var( --e-global-typography-accent-line-height );}}<\/style>\t\t<div data-elementor-type=\"loop-item\" data-elementor-id=\"13936\" class=\"elementor elementor-13936 e-loop-item e-loop-item-31325 post-31325 mec-events type-mec-events status-publish has-post-thumbnail hentry\" data-elementor-post-type=\"elementor_library\" data-custom-edit-handle=\"1\">\n\t\t\t<div class=\"elementor-element elementor-element-93e3933 e-flex e-con-boxed e-con e-parent\" data-id=\"93e3933\" data-element_type=\"container\" data-e-type=\"container\">\n\t\t\t\t\t<div class=\"e-con-inner\">\n\t\t\t\t<div class=\"elementor-element elementor-element-08487f9 elementor-cta--valign-top elementor-cta--skin-classic elementor-bg-transform elementor-bg-transform-zoom-in elementor-widget elementor-widget-call-to-action\" data-id=\"08487f9\" data-element_type=\"widget\" data-e-type=\"widget\" data-widget_type=\"call-to-action.default\">\n\t\t\t\t<div class=\"elementor-widget-container\">\n\t\t\t\t\t\t\t<a class=\"elementor-cta\" href=\"https:\/\/wetruf.com\/?p=31325\">\n\t\t\t\t\t<div class=\"elementor-cta__bg-wrapper\">\n\t\t\t\t<div class=\"elementor-cta__bg elementor-bg\" style=\"background-image: url(https:\/\/wetruf.com\/wp-content\/uploads\/2023\/07\/expertise-formation-truffieres-trufficulture-france-sol-gestion-1.png);\" role=\"img\" aria-label=\"Expertise et formation en trufficulture en France, mettant l&#039;accent sur la gestion du sol dans vos truffi\u00e8res.\"><\/div>\n\t\t\t\t<div class=\"elementor-cta__bg-overlay\"><\/div>\n\t\t\t<\/div>\n\t\t\t\t\t\t\t<div class=\"elementor-cta__content\">\n\t\t\t\t\n\t\t\t\t\t\t\t\t\t<span class=\"elementor-cta__title elementor-cta__content-item elementor-content-item\">\n\t\t\t\t\t\tFormation \u00e0 la trufficulture &#8211; Tournon sur Rh\u00f4ne &#8211; d\u00e9cembre 2026\t\t\t\t\t<\/span>\n\t\t\t\t\n\t\t\t\t\n\t\t\t\t\t\t\t\t\t<div class=\"elementor-cta__button-wrapper elementor-cta__content-item elementor-content-item \">\n\t\t\t\t\t<span class=\"elementor-cta__button elementor-button elementor-size-\">\n\t\t\t\t\t\tConsulter\t\t\t\t\t<\/span>\n\t\t\t\t\t<\/div>\n\t\t\t\t\t\t\t<\/div>\n\t\t\t\t\t\t<\/a>\n\t\t\t\t\t\t<\/div>\n\t\t\t\t<\/div>\n\t\t\t\t\t<\/div>\n\t\t\t\t<\/div>\n\t\t\t\t<\/div>\n\t\t\t\t<\/div>\n\t\t\n\t\t\t\t\t\t<\/div>\n\t\t\t\t<\/div>\n\t\t\t\t<\/div>\n\t\t\t\t<\/div>\n\t\t<div class=\"elementor-element elementor-element-ab2dd66 e-con-full e-flex e-con e-parent\" data-id=\"ab2dd66\" data-element_type=\"container\" data-e-type=\"container\" data-settings=\"{&quot;background_background&quot;:&quot;classic&quot;}\">\n\t\t<div class=\"elementor-element elementor-element-9cea90b e-con-full e-flex e-con e-child\" data-id=\"9cea90b\" data-element_type=\"container\" data-e-type=\"container\" data-settings=\"{&quot;background_background&quot;:&quot;classic&quot;}\">\n\t\t<div class=\"elementor-element elementor-element-44754ee e-con-full e-flex e-con e-child\" data-id=\"44754ee\" data-element_type=\"container\" data-e-type=\"container\">\n\t\t\t\t<div class=\"elementor-element elementor-element-ecb8366 elementor-widget__width-initial elementor-widget elementor-widget-heading\" data-id=\"ecb8366\" data-element_type=\"widget\" data-e-type=\"widget\" data-widget_type=\"heading.default\">\n\t\t\t\t<div class=\"elementor-widget-container\">\n\t\t\t\t\t<h2 class=\"elementor-heading-title elementor-size-default\">I nostri corsi di formazione a distanza<\/h2>\t\t\t\t<\/div>\n\t\t\t\t<\/div>\n\t\t\t\t<div class=\"elementor-element elementor-element-3dd1c92 elementor-widget__width-initial elementor-widget elementor-widget-text-editor\" data-id=\"3dd1c92\" data-element_type=\"widget\" data-e-type=\"widget\" data-widget_type=\"text-editor.default\">\n\t\t\t\t<div class=\"elementor-widget-container\">\n\t\t\t\t\t\t\t\t\t<p>Grazie alla nostra piattaforma di formazione online, potrai accedere a video di corsi e contenuti di qualit\u00e0 equivalente a quelli offerti dai corsi in presenza.<\/p>\t\t\t\t\t\t\t\t<\/div>\n\t\t\t\t<\/div>\n\t\t\t\t<div class=\"elementor-element elementor-element-4d5cb13 elementor-align-left elementor-tablet-align-center elementor-widget elementor-widget-button\" data-id=\"4d5cb13\" data-element_type=\"widget\" data-e-type=\"widget\" data-widget_type=\"button.default\">\n\t\t\t\t<div class=\"elementor-widget-container\">\n\t\t\t\t\t\t\t\t\t<div class=\"elementor-button-wrapper\">\n\t\t\t\t\t<a class=\"elementor-button elementor-button-link elementor-size-sm\" href=\"https:\/\/wetruf.com\/it\/formazione-online-2\/\">\n\t\t\t\t\t\t<span class=\"elementor-button-content-wrapper\">\n\t\t\t\t\t\t\t\t\t<span class=\"elementor-button-text\">Scopri i nostri corsi di formazione online<\/span>\n\t\t\t\t\t<\/span>\n\t\t\t\t\t<\/a>\n\t\t\t\t<\/div>\n\t\t\t\t\t\t\t\t<\/div>\n\t\t\t\t<\/div>\n\t\t\t\t<\/div>\n\t\t<div class=\"elementor-element elementor-element-28cc44b e-con-full e-flex e-con e-child\" data-id=\"28cc44b\" data-element_type=\"container\" data-e-type=\"container\">\n\t\t\t\t<div class=\"elementor-element elementor-element-c7987f4 elementor-widget elementor-widget-image\" data-id=\"c7987f4\" data-element_type=\"widget\" data-e-type=\"widget\" data-widget_type=\"image.default\">\n\t\t\t\t<div class=\"elementor-widget-container\">\n\t\t\t\t\t\t\t\t\t\t\t\t\t\t\t<img fetchpriority=\"high\" decoding=\"async\" width=\"800\" height=\"509\" src=\"https:\/\/wetruf.com\/wp-content\/uploads\/2023\/08\/culture-truffe-inrae-formation-1024x651.png\" class=\"attachment-large size-large wp-image-8189\" alt=\"\" srcset=\"https:\/\/wetruf.com\/wp-content\/uploads\/2023\/08\/culture-truffe-inrae-formation-1024x651.png 1024w, https:\/\/wetruf.com\/wp-content\/uploads\/2023\/08\/culture-truffe-inrae-formation-300x191.png 300w, https:\/\/wetruf.com\/wp-content\/uploads\/2023\/08\/culture-truffe-inrae-formation-768x488.png 768w, https:\/\/wetruf.com\/wp-content\/uploads\/2023\/08\/culture-truffe-inrae-formation-600x382.png 600w, https:\/\/wetruf.com\/wp-content\/uploads\/2023\/08\/culture-truffe-inrae-formation.png 1200w\" sizes=\"(max-width: 800px) 100vw, 800px\" \/>\t\t\t\t\t\t\t\t\t\t\t\t\t\t\t<\/div>\n\t\t\t\t<\/div>\n\t\t\t\t<\/div>\n\t\t\t\t<\/div>\n\t\t\t\t<\/div>\n\t\t\t\t<\/div>\n\t\t","protected":false},"excerpt":{"rendered":"<p>Formazione in presenza I nostri corsi di formazione professionale I nostri corsi di formazione a distanza Grazie alla nostra piattaforma di formazione online, potrai accedere a video di corsi e contenuti di qualit\u00e0 equivalente a quelli offerti dai corsi in presenza. Scopri i nostri corsi di formazione online<\/p>\n","protected":false},"author":1,"featured_media":0,"parent":0,"menu_order":0,"comment_status":"closed","ping_status":"closed","template":"elementor_header_footer","meta":{"footnotes":""},"class_list":["post-29309","page","type-page","status-publish","hentry"],"yoast_head":"<!-- This site is optimized with the Yoast SEO plugin v27.4 - https:\/\/yoast.com\/product\/yoast-seo-wordpress\/ -->\n<title>Formazione in presenza - WETRUF<\/title>\n<meta name=\"description\" content=\"Avete un progetto di coltivazione del tartufo? Scoprite il nostro corso di formazione sulle basi della coltivazione del tartufo e sulla gestione tecnica della tartufaia.\" \/>\n<meta name=\"robots\" content=\"index, follow, max-snippet:-1, max-image-preview:large, max-video-preview:-1\" \/>\n<link rel=\"canonical\" href=\"https:\/\/wetruf.com\/it\/formazione-in-presenza\/\" \/>\n<meta property=\"og:locale\" content=\"it_IT\" \/>\n<meta property=\"og:type\" content=\"article\" \/>\n<meta property=\"og:title\" content=\"Formazione in presenza - WETRUF\" \/>\n<meta property=\"og:description\" content=\"Avete un progetto di coltivazione del tartufo? Scoprite il nostro corso di formazione sulle basi della coltivazione del tartufo e sulla gestione tecnica della tartufaia.\" \/>\n<meta property=\"og:url\" content=\"https:\/\/wetruf.com\/it\/formazione-in-presenza\/\" \/>\n<meta property=\"og:site_name\" content=\"WETRUF\" \/>\n<meta property=\"article:modified_time\" content=\"2025-09-30T11:15:07+00:00\" \/>\n<meta property=\"og:image\" content=\"https:\/\/wetruf.com\/wp-content\/uploads\/2023\/08\/culture-truffe-inrae-formation.png\" \/>\n\t<meta property=\"og:image:width\" content=\"1200\" \/>\n\t<meta property=\"og:image:height\" content=\"763\" \/>\n\t<meta property=\"og:image:type\" content=\"image\/png\" \/>\n<meta name=\"twitter:card\" content=\"summary_large_image\" \/>\n<script type=\"application\/ld+json\" class=\"yoast-schema-graph\">{\"@context\":\"https:\\\/\\\/schema.org\",\"@graph\":[{\"@type\":\"WebPage\",\"@id\":\"https:\\\/\\\/wetruf.com\\\/it\\\/formazione-in-presenza\\\/\",\"url\":\"https:\\\/\\\/wetruf.com\\\/it\\\/formazione-in-presenza\\\/\",\"name\":\"Formazione in presenza - WETRUF\",\"isPartOf\":{\"@id\":\"https:\\\/\\\/wetruf.com\\\/#website\"},\"primaryImageOfPage\":{\"@id\":\"https:\\\/\\\/wetruf.com\\\/it\\\/formazione-in-presenza\\\/#primaryimage\"},\"image\":{\"@id\":\"https:\\\/\\\/wetruf.com\\\/it\\\/formazione-in-presenza\\\/#primaryimage\"},\"thumbnailUrl\":\"https:\\\/\\\/wetruf.com\\\/wp-content\\\/uploads\\\/2023\\\/08\\\/culture-truffe-inrae-formation-1024x651.png\",\"datePublished\":\"2023-01-10T16:33:28+00:00\",\"dateModified\":\"2025-09-30T11:15:07+00:00\",\"description\":\"Avete un progetto di coltivazione del tartufo? Scoprite il nostro corso di formazione sulle basi della coltivazione del tartufo e sulla gestione tecnica della tartufaia.\",\"breadcrumb\":{\"@id\":\"https:\\\/\\\/wetruf.com\\\/it\\\/formazione-in-presenza\\\/#breadcrumb\"},\"inLanguage\":\"it-IT\",\"potentialAction\":[{\"@type\":\"ReadAction\",\"target\":[\"https:\\\/\\\/wetruf.com\\\/it\\\/formazione-in-presenza\\\/\"]}]},{\"@type\":\"ImageObject\",\"inLanguage\":\"it-IT\",\"@id\":\"https:\\\/\\\/wetruf.com\\\/it\\\/formazione-in-presenza\\\/#primaryimage\",\"url\":\"https:\\\/\\\/wetruf.com\\\/wp-content\\\/uploads\\\/2023\\\/08\\\/culture-truffe-inrae-formation-1024x651.png\",\"contentUrl\":\"https:\\\/\\\/wetruf.com\\\/wp-content\\\/uploads\\\/2023\\\/08\\\/culture-truffe-inrae-formation-1024x651.png\"},{\"@type\":\"BreadcrumbList\",\"@id\":\"https:\\\/\\\/wetruf.com\\\/it\\\/formazione-in-presenza\\\/#breadcrumb\",\"itemListElement\":[{\"@type\":\"ListItem\",\"position\":1,\"name\":\"Home\",\"item\":\"https:\\\/\\\/wetruf.com\\\/\"},{\"@type\":\"ListItem\",\"position\":2,\"name\":\"Formazione in presenza\"}]},{\"@type\":\"WebSite\",\"@id\":\"https:\\\/\\\/wetruf.com\\\/#website\",\"url\":\"https:\\\/\\\/wetruf.com\\\/\",\"name\":\"WETRUF\",\"description\":\"French innovation for truffle\",\"publisher\":{\"@id\":\"https:\\\/\\\/wetruf.com\\\/#organization\"},\"potentialAction\":[{\"@type\":\"SearchAction\",\"target\":{\"@type\":\"EntryPoint\",\"urlTemplate\":\"https:\\\/\\\/wetruf.com\\\/?s={search_term_string}\"},\"query-input\":{\"@type\":\"PropertyValueSpecification\",\"valueRequired\":true,\"valueName\":\"search_term_string\"}}],\"inLanguage\":\"it-IT\"},{\"@type\":\"Organization\",\"@id\":\"https:\\\/\\\/wetruf.com\\\/#organization\",\"name\":\"WETRUF\",\"url\":\"https:\\\/\\\/wetruf.com\\\/\",\"logo\":{\"@type\":\"ImageObject\",\"inLanguage\":\"it-IT\",\"@id\":\"https:\\\/\\\/wetruf.com\\\/#\\\/schema\\\/logo\\\/image\\\/\",\"url\":\"https:\\\/\\\/wetruf.com\\\/wp-content\\\/uploads\\\/2022\\\/12\\\/WETRUF-Logo-1.png\",\"contentUrl\":\"https:\\\/\\\/wetruf.com\\\/wp-content\\\/uploads\\\/2022\\\/12\\\/WETRUF-Logo-1.png\",\"width\":800,\"height\":800,\"caption\":\"WETRUF\"},\"image\":{\"@id\":\"https:\\\/\\\/wetruf.com\\\/#\\\/schema\\\/logo\\\/image\\\/\"}}]}<\/script>\n<!-- \/ Yoast SEO plugin. -->","yoast_head_json":{"title":"Formazione in presenza - WETRUF","description":"Avete un progetto di coltivazione del tartufo? Scoprite il nostro corso di formazione sulle basi della coltivazione del tartufo e sulla gestione tecnica della tartufaia.","robots":{"index":"index","follow":"follow","max-snippet":"max-snippet:-1","max-image-preview":"max-image-preview:large","max-video-preview":"max-video-preview:-1"},"canonical":"https:\/\/wetruf.com\/it\/formazione-in-presenza\/","og_locale":"it_IT","og_type":"article","og_title":"Formazione in presenza - WETRUF","og_description":"Avete un progetto di coltivazione del tartufo? Scoprite il nostro corso di formazione sulle basi della coltivazione del tartufo e sulla gestione tecnica della tartufaia.","og_url":"https:\/\/wetruf.com\/it\/formazione-in-presenza\/","og_site_name":"WETRUF","article_modified_time":"2025-09-30T11:15:07+00:00","og_image":[{"width":1200,"height":763,"url":"https:\/\/wetruf.com\/wp-content\/uploads\/2023\/08\/culture-truffe-inrae-formation.png","type":"image\/png"}],"twitter_card":"summary_large_image","schema":{"@context":"https:\/\/schema.org","@graph":[{"@type":"WebPage","@id":"https:\/\/wetruf.com\/it\/formazione-in-presenza\/","url":"https:\/\/wetruf.com\/it\/formazione-in-presenza\/","name":"Formazione in presenza - WETRUF","isPartOf":{"@id":"https:\/\/wetruf.com\/#website"},"primaryImageOfPage":{"@id":"https:\/\/wetruf.com\/it\/formazione-in-presenza\/#primaryimage"},"image":{"@id":"https:\/\/wetruf.com\/it\/formazione-in-presenza\/#primaryimage"},"thumbnailUrl":"https:\/\/wetruf.com\/wp-content\/uploads\/2023\/08\/culture-truffe-inrae-formation-1024x651.png","datePublished":"2023-01-10T16:33:28+00:00","dateModified":"2025-09-30T11:15:07+00:00","description":"Avete un progetto di coltivazione del tartufo? Scoprite il nostro corso di formazione sulle basi della coltivazione del tartufo e sulla gestione tecnica della tartufaia.","breadcrumb":{"@id":"https:\/\/wetruf.com\/it\/formazione-in-presenza\/#breadcrumb"},"inLanguage":"it-IT","potentialAction":[{"@type":"ReadAction","target":["https:\/\/wetruf.com\/it\/formazione-in-presenza\/"]}]},{"@type":"ImageObject","inLanguage":"it-IT","@id":"https:\/\/wetruf.com\/it\/formazione-in-presenza\/#primaryimage","url":"https:\/\/wetruf.com\/wp-content\/uploads\/2023\/08\/culture-truffe-inrae-formation-1024x651.png","contentUrl":"https:\/\/wetruf.com\/wp-content\/uploads\/2023\/08\/culture-truffe-inrae-formation-1024x651.png"},{"@type":"BreadcrumbList","@id":"https:\/\/wetruf.com\/it\/formazione-in-presenza\/#breadcrumb","itemListElement":[{"@type":"ListItem","position":1,"name":"Home","item":"https:\/\/wetruf.com\/"},{"@type":"ListItem","position":2,"name":"Formazione in presenza"}]},{"@type":"WebSite","@id":"https:\/\/wetruf.com\/#website","url":"https:\/\/wetruf.com\/","name":"WETRUF","description":"French innovation for truffle","publisher":{"@id":"https:\/\/wetruf.com\/#organization"},"potentialAction":[{"@type":"SearchAction","target":{"@type":"EntryPoint","urlTemplate":"https:\/\/wetruf.com\/?s={search_term_string}"},"query-input":{"@type":"PropertyValueSpecification","valueRequired":true,"valueName":"search_term_string"}}],"inLanguage":"it-IT"},{"@type":"Organization","@id":"https:\/\/wetruf.com\/#organization","name":"WETRUF","url":"https:\/\/wetruf.com\/","logo":{"@type":"ImageObject","inLanguage":"it-IT","@id":"https:\/\/wetruf.com\/#\/schema\/logo\/image\/","url":"https:\/\/wetruf.com\/wp-content\/uploads\/2022\/12\/WETRUF-Logo-1.png","contentUrl":"https:\/\/wetruf.com\/wp-content\/uploads\/2022\/12\/WETRUF-Logo-1.png","width":800,"height":800,"caption":"WETRUF"},"image":{"@id":"https:\/\/wetruf.com\/#\/schema\/logo\/image\/"}}]}},"_links":{"self":[{"href":"https:\/\/wetruf.com\/it\/wp-json\/wp\/v2\/pages\/29309","targetHints":{"allow":["GET"]}}],"collection":[{"href":"https:\/\/wetruf.com\/it\/wp-json\/wp\/v2\/pages"}],"about":[{"href":"https:\/\/wetruf.com\/it\/wp-json\/wp\/v2\/types\/page"}],"author":[{"embeddable":true,"href":"https:\/\/wetruf.com\/it\/wp-json\/wp\/v2\/users\/1"}],"replies":[{"embeddable":true,"href":"https:\/\/wetruf.com\/it\/wp-json\/wp\/v2\/comments?post=29309"}],"version-history":[{"count":0,"href":"https:\/\/wetruf.com\/it\/wp-json\/wp\/v2\/pages\/29309\/revisions"}],"wp:attachment":[{"href":"https:\/\/wetruf.com\/it\/wp-json\/wp\/v2\/media?parent=29309"}],"curies":[{"name":"wp","href":"https:\/\/api.w.org\/{rel}","templated":true}]}}