{"id":5690,"date":"2022-10-24T18:18:13","date_gmt":"2022-10-24T16:18:13","guid":{"rendered":"https:\/\/wetruf.com\/avviso-legale-e-condizioni-duso\/"},"modified":"2025-09-25T13:47:53","modified_gmt":"2025-09-25T11:47:53","slug":"avviso-legale-e-condizioni-duso","status":"publish","type":"page","link":"https:\/\/wetruf.com\/it\/avviso-legale-e-condizioni-duso\/","title":{"rendered":"Avviso legale e condizioni d&#8217;uso"},"content":{"rendered":"\n<p><strong><u>I. Avviso legale<\/u><\/strong><\/p>\n\n<p>Il presente sito, accessibile all&#8217;indirizzo URL \u201c<a href=\"https:\/\/wetruf.com\/it\/\">https:\/\/wetruf.com\/<\/a>\u201d (di seguito denominato \u201c<strong>Sito<\/strong>\u201d), \u00e8 pubblicato da <strong>WeTRUF,<\/strong> societ\u00e0 per azioni semplificata con sede legale in<em> 2<\/em>, avenue de la For\u00eat de Haye a Vand\u0153uvre-l\u00e8s-Nancy, iscritta al Registro del Commercio e delle Societ\u00e0 di Nancy con il numero 878 262 526.<br\/><\/p>\n\n<p><strong><u>Coordinate dell&#8217;editore:<\/u><\/strong><br\/>Denominazione sociale: <strong>WeTRUF<\/strong><\/p>\n\n<p>Telefono: +33 (0)7 66 60 55 31<br\/>E-mail: <a href=\"mailto:contact@wetruf.com\">contact@wetruf.com<\/a><\/p>\n\n<p>Partita IVA intracomunitaria: <em>da compilare<\/em><a href=\"mailto:contact@grandestavocats.fr\"><\/a><\/p>\n\n<p><strong> <u>Ospite del sito web <\/u> <\/strong><strong> :<\/strong><\/p>\n\n<p><a href=\"https:\/\/ad-sum.com\" target=\"_blank\" rel=\"noreferrer noopener\">AdSum<\/a> SAS su un server dedicato situato a Mougins e gestito da Titan Datacenters France.<\/p>\n\n<p>1210 Chemin de la Plaine, 06250 Mougins<\/p>\n\n<p>Telefono: 09 88 99 88 88<\/p>\n\n<p><strong>\n  <u>\n    <a href=\"https:\/\/ad-sum.com\" target=\"_blank\" rel=\"noreferrer noopener\">Progettazione e sviluppo web e outsourcing<\/a>\n  <\/u>\n<\/strong>: <em>AdSum<\/em><\/p>\n\n<p><strong><u>II. Condizioni generali di utilizzo (GTCU)<\/u><\/strong><\/p>\n\n<p><strong>Navigando in questo Sito, accessibile all&#8217;indirizzo<\/strong> <a href=\"https:\/\/wetruf.com\/it\/\">https:\/\/wetruf.com\/<\/a><strong>L&#8217;Utente accetta espressamente di essere vincolato dalle presenti Condizioni d&#8217;uso di WeTRUF (TOU). L&#8217;Utente si impegna a rispettarne rigorosamente i termini.<\/strong><\/p>\n\n<p>Il Sito \u00e8 riservato all&#8217;uso privato di ciascun Utente.<\/p>\n\n<p>Il Sito e i dati, le informazioni e i documenti che fornisce \u2013 o che sono accessibili tramite il Sito \u2013 hanno solo scopo informativo generale non esaustivo su <strong>WeTRUF<\/strong> e non possono in alcun caso essere considerati come costituenti una promozione commerciale, una sollecitazione e\/o un&#8217;offerta di vendita di prodotti o prestazioni di servizi.<\/p>\n\n<p>Ogni Utente \u00e8 l&#8217;unico responsabile dell&#8217;uso delle informazioni fornite o accessibili dal Sito. <strong>WeTRUF <\/strong>non sar\u00e0 in alcun caso responsabile di eventuali danni diretti o indiretti derivanti dall&#8217;uso di queste informazioni da parte dell&#8217;Utente.  <\/p>\n\n<p><strong>WeTRUF <\/strong>non garantisce che il Sito sia disponibile su base continua.<\/p>\n\n<p>I siti web di terzi, il loro contenuto e\/o i documenti accessibili tramite collegamenti ipertestuali pubblicati sul Sito o in documenti scaricabili dal Sito, sono di esclusiva responsabilit\u00e0 dei loro autori e non comportano la responsabilit\u00e0 di <strong>WeTRUF<\/strong>.<\/p>\n\n<p>Agli utenti non \u00e8 consentito creare un collegamento ipertestuale al Sito e\/o a qualsiasi pagina del Sito e\/o a qualsiasi file in esso contenuto senza il preventivo consenso scritto di <strong>WeTRUF<\/strong>.<\/p>\n\n<p>Questo Sito contiene informazioni e dati protetti dal diritto di propriet\u00e0 intellettuale, in particolare dal diritto d&#8217;autore ai sensi degli articoli L.111-1 e seguenti del Codice della propriet\u00e0 intellettuale francese.<\/p>\n\n<p><strong>Pertanto, salvo diversa indicazione scritta, i diritti di propriet\u00e0 intellettuale sui documenti e su tutte le informazioni contenute nel Sito, nonch\u00e9 su ciascuno degli elementi che compongono il Sito (immagini, illustrazioni, fotografie, suoni, testi, elementi grafici, testi, ecc.) sono e rimarranno di propriet\u00e0 esclusiva di WeTRUF.<\/strong><\/p>\n\n<p><strong>Qualsiasi riproduzione (anche parziale, e\/o trasformazione o adattamento) \u00e8 severamente vietata. In caso di inadempienza, WeTRUF si riserva il diritto di intraprendere azioni legali contro il trasgressore.<\/strong><\/p>\n\n<p>Le presenti CGU sono disciplinate e soggette esclusivamente al diritto francese, indipendentemente dalla nazionalit\u00e0 dell&#8217;Utente.<\/p>\n","protected":false},"excerpt":{"rendered":"<p>I. Avviso legale Il presente sito, accessibile all&#8217;indirizzo URL \u201chttps:\/\/wetruf.com\/\u201d (di seguito denominato \u201cSito\u201d), \u00e8 pubblicato da WeTRUF, societ\u00e0 per azioni semplificata con sede legale in 2, avenue de la For\u00eat de Haye a Vand\u0153uvre-l\u00e8s-Nancy, iscritta al Registro del Commercio e delle Societ\u00e0 di Nancy con il numero 878 262 526. Coordinate dell&#8217;editore:Denominazione sociale: WeTRUF [&hellip;]<\/p>\n","protected":false},"author":1,"featured_media":0,"parent":0,"menu_order":0,"comment_status":"closed","ping_status":"closed","template":"","meta":{"footnotes":""},"class_list":["post-5690","page","type-page","status-publish","hentry"],"yoast_head":"<!-- This site is optimized with the Yoast SEO plugin v27.5 - https:\/\/yoast.com\/product\/yoast-seo-wordpress\/ -->\n<title>Avviso legale e condizioni d&#039;uso - WETRUF<\/title>\n<meta name=\"description\" content=\"Consulta le Note legali e le Condizioni generali di utilizzo di WETRUF per conoscere il quadro giuridico e i tuoi diritti sul nostro sito.\" \/>\n<meta name=\"robots\" content=\"index, follow, max-snippet:-1, max-image-preview:large, max-video-preview:-1\" \/>\n<link rel=\"canonical\" href=\"https:\/\/wetruf.com\/it\/avviso-legale-e-condizioni-duso\/\" \/>\n<meta property=\"og:locale\" content=\"it_IT\" \/>\n<meta property=\"og:type\" content=\"article\" \/>\n<meta property=\"og:title\" content=\"Avviso legale e condizioni d&#039;uso - WETRUF\" \/>\n<meta property=\"og:description\" content=\"Consulta le Note legali e le Condizioni generali di utilizzo di WETRUF per conoscere il quadro giuridico e i tuoi diritti sul nostro sito.\" \/>\n<meta property=\"og:url\" content=\"https:\/\/wetruf.com\/it\/avviso-legale-e-condizioni-duso\/\" \/>\n<meta property=\"og:site_name\" content=\"WETRUF\" \/>\n<meta property=\"article:modified_time\" content=\"2025-09-25T11:47:53+00:00\" \/>\n<meta name=\"twitter:card\" content=\"summary_large_image\" \/>\n<meta name=\"twitter:label1\" content=\"Tempo di lettura stimato\" \/>\n\t<meta name=\"twitter:data1\" content=\"3 minuti\" \/>\n<script type=\"application\/ld+json\" class=\"yoast-schema-graph\">{\"@context\":\"https:\\\/\\\/schema.org\",\"@graph\":[{\"@type\":\"WebPage\",\"@id\":\"https:\\\/\\\/wetruf.com\\\/it\\\/avviso-legale-e-condizioni-duso\\\/\",\"url\":\"https:\\\/\\\/wetruf.com\\\/it\\\/avviso-legale-e-condizioni-duso\\\/\",\"name\":\"Avviso legale e condizioni d'uso - WETRUF\",\"isPartOf\":{\"@id\":\"https:\\\/\\\/wetruf.com\\\/#website\"},\"datePublished\":\"2022-10-24T16:18:13+00:00\",\"dateModified\":\"2025-09-25T11:47:53+00:00\",\"description\":\"Consulta le Note legali e le Condizioni generali di utilizzo di WETRUF per conoscere il quadro giuridico e i tuoi diritti sul nostro sito.\",\"breadcrumb\":{\"@id\":\"https:\\\/\\\/wetruf.com\\\/it\\\/avviso-legale-e-condizioni-duso\\\/#breadcrumb\"},\"inLanguage\":\"it-IT\",\"potentialAction\":[{\"@type\":\"ReadAction\",\"target\":[\"https:\\\/\\\/wetruf.com\\\/it\\\/avviso-legale-e-condizioni-duso\\\/\"]}]},{\"@type\":\"BreadcrumbList\",\"@id\":\"https:\\\/\\\/wetruf.com\\\/it\\\/avviso-legale-e-condizioni-duso\\\/#breadcrumb\",\"itemListElement\":[{\"@type\":\"ListItem\",\"position\":1,\"name\":\"Home\",\"item\":\"https:\\\/\\\/wetruf.com\\\/\"},{\"@type\":\"ListItem\",\"position\":2,\"name\":\"Avviso legale e condizioni d&rsquo;uso\"}]},{\"@type\":\"WebSite\",\"@id\":\"https:\\\/\\\/wetruf.com\\\/#website\",\"url\":\"https:\\\/\\\/wetruf.com\\\/\",\"name\":\"WETRUF\",\"description\":\"French innovation for truffle\",\"publisher\":{\"@id\":\"https:\\\/\\\/wetruf.com\\\/#organization\"},\"potentialAction\":[{\"@type\":\"SearchAction\",\"target\":{\"@type\":\"EntryPoint\",\"urlTemplate\":\"https:\\\/\\\/wetruf.com\\\/?s={search_term_string}\"},\"query-input\":{\"@type\":\"PropertyValueSpecification\",\"valueRequired\":true,\"valueName\":\"search_term_string\"}}],\"inLanguage\":\"it-IT\"},{\"@type\":\"Organization\",\"@id\":\"https:\\\/\\\/wetruf.com\\\/#organization\",\"name\":\"WETRUF\",\"url\":\"https:\\\/\\\/wetruf.com\\\/\",\"logo\":{\"@type\":\"ImageObject\",\"inLanguage\":\"it-IT\",\"@id\":\"https:\\\/\\\/wetruf.com\\\/#\\\/schema\\\/logo\\\/image\\\/\",\"url\":\"https:\\\/\\\/wetruf.com\\\/wp-content\\\/uploads\\\/2022\\\/12\\\/WETRUF-Logo-1.png\",\"contentUrl\":\"https:\\\/\\\/wetruf.com\\\/wp-content\\\/uploads\\\/2022\\\/12\\\/WETRUF-Logo-1.png\",\"width\":800,\"height\":800,\"caption\":\"WETRUF\"},\"image\":{\"@id\":\"https:\\\/\\\/wetruf.com\\\/#\\\/schema\\\/logo\\\/image\\\/\"}}]}<\/script>\n<!-- \/ Yoast SEO plugin. -->","yoast_head_json":{"title":"Avviso legale e condizioni d'uso - WETRUF","description":"Consulta le Note legali e le Condizioni generali di utilizzo di WETRUF per conoscere il quadro giuridico e i tuoi diritti sul nostro sito.","robots":{"index":"index","follow":"follow","max-snippet":"max-snippet:-1","max-image-preview":"max-image-preview:large","max-video-preview":"max-video-preview:-1"},"canonical":"https:\/\/wetruf.com\/it\/avviso-legale-e-condizioni-duso\/","og_locale":"it_IT","og_type":"article","og_title":"Avviso legale e condizioni d'uso - WETRUF","og_description":"Consulta le Note legali e le Condizioni generali di utilizzo di WETRUF per conoscere il quadro giuridico e i tuoi diritti sul nostro sito.","og_url":"https:\/\/wetruf.com\/it\/avviso-legale-e-condizioni-duso\/","og_site_name":"WETRUF","article_modified_time":"2025-09-25T11:47:53+00:00","twitter_card":"summary_large_image","twitter_misc":{"Tempo di lettura stimato":"3 minuti"},"schema":{"@context":"https:\/\/schema.org","@graph":[{"@type":"WebPage","@id":"https:\/\/wetruf.com\/it\/avviso-legale-e-condizioni-duso\/","url":"https:\/\/wetruf.com\/it\/avviso-legale-e-condizioni-duso\/","name":"Avviso legale e condizioni d'uso - WETRUF","isPartOf":{"@id":"https:\/\/wetruf.com\/#website"},"datePublished":"2022-10-24T16:18:13+00:00","dateModified":"2025-09-25T11:47:53+00:00","description":"Consulta le Note legali e le Condizioni generali di utilizzo di WETRUF per conoscere il quadro giuridico e i tuoi diritti sul nostro sito.","breadcrumb":{"@id":"https:\/\/wetruf.com\/it\/avviso-legale-e-condizioni-duso\/#breadcrumb"},"inLanguage":"it-IT","potentialAction":[{"@type":"ReadAction","target":["https:\/\/wetruf.com\/it\/avviso-legale-e-condizioni-duso\/"]}]},{"@type":"BreadcrumbList","@id":"https:\/\/wetruf.com\/it\/avviso-legale-e-condizioni-duso\/#breadcrumb","itemListElement":[{"@type":"ListItem","position":1,"name":"Home","item":"https:\/\/wetruf.com\/"},{"@type":"ListItem","position":2,"name":"Avviso legale e condizioni d&rsquo;uso"}]},{"@type":"WebSite","@id":"https:\/\/wetruf.com\/#website","url":"https:\/\/wetruf.com\/","name":"WETRUF","description":"French innovation for truffle","publisher":{"@id":"https:\/\/wetruf.com\/#organization"},"potentialAction":[{"@type":"SearchAction","target":{"@type":"EntryPoint","urlTemplate":"https:\/\/wetruf.com\/?s={search_term_string}"},"query-input":{"@type":"PropertyValueSpecification","valueRequired":true,"valueName":"search_term_string"}}],"inLanguage":"it-IT"},{"@type":"Organization","@id":"https:\/\/wetruf.com\/#organization","name":"WETRUF","url":"https:\/\/wetruf.com\/","logo":{"@type":"ImageObject","inLanguage":"it-IT","@id":"https:\/\/wetruf.com\/#\/schema\/logo\/image\/","url":"https:\/\/wetruf.com\/wp-content\/uploads\/2022\/12\/WETRUF-Logo-1.png","contentUrl":"https:\/\/wetruf.com\/wp-content\/uploads\/2022\/12\/WETRUF-Logo-1.png","width":800,"height":800,"caption":"WETRUF"},"image":{"@id":"https:\/\/wetruf.com\/#\/schema\/logo\/image\/"}}]}},"_links":{"self":[{"href":"https:\/\/wetruf.com\/it\/wp-json\/wp\/v2\/pages\/5690","targetHints":{"allow":["GET"]}}],"collection":[{"href":"https:\/\/wetruf.com\/it\/wp-json\/wp\/v2\/pages"}],"about":[{"href":"https:\/\/wetruf.com\/it\/wp-json\/wp\/v2\/types\/page"}],"author":[{"embeddable":true,"href":"https:\/\/wetruf.com\/it\/wp-json\/wp\/v2\/users\/1"}],"replies":[{"embeddable":true,"href":"https:\/\/wetruf.com\/it\/wp-json\/wp\/v2\/comments?post=5690"}],"version-history":[{"count":0,"href":"https:\/\/wetruf.com\/it\/wp-json\/wp\/v2\/pages\/5690\/revisions"}],"wp:attachment":[{"href":"https:\/\/wetruf.com\/it\/wp-json\/wp\/v2\/media?parent=5690"}],"curies":[{"name":"wp","href":"https:\/\/api.w.org\/{rel}","templated":true}]}}