{"id":5720,"date":"2022-10-27T14:47:41","date_gmt":"2022-10-27T12:47:41","guid":{"rendered":"https:\/\/wetruf.com\/utilizzo-della-sonda-in-gesso\/"},"modified":"2025-09-25T14:05:50","modified_gmt":"2025-09-25T12:05:50","slug":"utilizzo-della-sonda-in-gesso","status":"publish","type":"page","link":"https:\/\/wetruf.com\/it\/utilizzo-della-sonda-in-gesso\/","title":{"rendered":"Utilizzo della sonda in gesso"},"content":{"rendered":"\t\t<div data-elementor-type=\"wp-page\" data-elementor-id=\"5720\" class=\"elementor elementor-5720 elementor-3774\" data-elementor-post-type=\"page\">\n\t\t\t\t\t\t<section class=\"elementor-section elementor-top-section elementor-element elementor-element-1765ecd1 elementor-section-boxed elementor-section-height-default elementor-section-height-default\" data-id=\"1765ecd1\" data-element_type=\"section\" data-e-type=\"section\">\n\t\t\t\t\t\t<div class=\"elementor-container elementor-column-gap-default\">\n\t\t\t\t\t<div class=\"elementor-column elementor-col-100 elementor-top-column elementor-element elementor-element-8a04ed6\" data-id=\"8a04ed6\" data-element_type=\"column\" data-e-type=\"column\">\n\t\t\t<div class=\"elementor-widget-wrap elementor-element-populated\">\n\t\t\t\t\t\t<div class=\"elementor-element elementor-element-22a8245 elementor-widget elementor-widget-video\" data-id=\"22a8245\" data-element_type=\"widget\" data-e-type=\"widget\" data-settings=\"{&quot;youtube_url&quot;:&quot;https:\\\/\\\/www.youtube.com\\\/watch?v=4MaoJ9mFrN8&amp;t=33s&quot;,&quot;autoplay&quot;:&quot;yes&quot;,&quot;video_type&quot;:&quot;youtube&quot;,&quot;controls&quot;:&quot;yes&quot;}\" data-widget_type=\"video.default\">\n\t\t\t\t<div class=\"elementor-widget-container\">\n\t\t\t\t\t\t\t<div class=\"elementor-wrapper elementor-open-inline\">\n\t\t\t<div class=\"elementor-video\"><\/div>\t\t<\/div>\n\t\t\t\t\t\t<\/div>\n\t\t\t\t<\/div>\n\t\t\t\t<div class=\"elementor-element elementor-element-6e32ef85 elementor-widget elementor-widget-text-editor\" data-id=\"6e32ef85\" data-element_type=\"widget\" data-e-type=\"widget\" data-widget_type=\"text-editor.default\">\n\t\t\t\t<div class=\"elementor-widget-container\">\n\t\t\t\t\t\t\t\t\t<p><strong>Come installare la sonda in gesso?<\/strong><\/p><p>Il sensore in gesso della sonda viene interrato nel terreno ed \u00e8 destinato a rimanere in loco per consentire il controllo dell&#8217;apporto idrico. Il connettore all&#8217;estremit\u00e0 della sonda rimane all&#8217;esterno del terreno e pu\u00f2, ad esempio, essere fissato a un paletto per comodit\u00e0.  <\/p><p>Il collettore di gesso viene installato a una profondit\u00e0 di circa 15 cm:<\/p><ul><li>ai piedi dell&#8217;albero, nella zona di raccolta del tartufo o &#8220;bruciata&#8221; &#8211; prestare attenzione alla posizione della sonda quando si lavora il terreno<\/li><li>o alla fine del filare di alberi, ad esempio per una giovane tartufaia, in modo da non interferire con una lavorazione pi\u00f9 frequente del terreno<\/li><\/ul><div class=\"wp-block-spacer\" style=\"height: 30px;\" aria-hidden=\"true\"> <\/div><p><strong>Alcuni fattori importanti possono influenzare la misura della pF. Per una misurazione ottimale e un monitoraggio efficace della pF, \u00e8 necessario seguire attentamente il protocollo dettagliato per l&#8217;installazione della sonda nel terreno (fornito con l&#8217;apparecchiatura) e illustrato nel video tutorial sottostante.<\/strong><\/p><div class=\"wp-block-spacer\" style=\"height: 30px;\" aria-hidden=\"true\"> <\/div><div class=\"wp-block-spacer\" style=\"height: 30px;\" aria-hidden=\"true\"> <\/div><p><strong>Come rendere operativa la sonda in gesso?<\/strong><\/p><p>La sonda in gesso non richiede alcuna calibrazione, si equilibra naturalmente con il terreno in pochi giorni e sar\u00e0 pienamente operativa dopo l&#8217;omogeneizzazione con il terreno circostante, ad esempio dopo una forte pioggia. Se non si prevede pioggia, si consiglia di irrigare intensamente l&#8217;area dopo l&#8217;installazione della sonda.<\/p><div class=\"wp-block-spacer\" style=\"height: 30px;\" aria-hidden=\"true\"> <\/div><p><strong>Quante sonde devono essere installate in un sito?<\/strong><\/p><p>\u00c8 possibile installare un&#8217;intera rete di sensori sull&#8217;intera piantagione o equipaggiare solo alcuni alberi o appezzamenti della piantagione. Il numero di sonde da installare dipender\u00e0 principalmente dalle caratteristiche del terreno. Se la tessitura e\/o la composizione fisico-chimica del suolo \u00e8 eterogenea su tutta la superficie, si raccomanda di dotare di sonde ogni diversa sottoparcella del terreno.  <\/p><div class=\"wp-block-spacer\" style=\"height: 20px;\" aria-hidden=\"true\"> <\/div><p><strong>Quanto dura l&#8217;ingessatura?  <\/strong><\/p><p>Una volta installate, le sonde in gesso hanno una durata da 2 a 5 anni, a seconda della natura del terreno. Si consiglia di rimuovere le sonde durante l&#8217;inverno per prolungarne ulteriormente la durata.<\/p><div class=\"wp-block-spacer\" style=\"height: 20px;\" aria-hidden=\"true\"> <\/div><p><strong>Quali sono le precauzioni da prendere?  <\/strong><\/p><p>Alcuni fattori importanti possono influenzare la misura della pF.  <\/p><p>Per una misurazione efficace, \u00e8 importante assicurarsi che la sonda sia a diretto contatto con il terreno, rimuovendo, se necessario, i sassi di grandi dimensioni dalle vicinanze della sonda, oppure effettuando una setacciatura grossolana. Tuttavia, occorre prestare attenzione a non discostarsi dalle condizioni reali del sito modificando eccessivamente la natura del terreno nell&#8217;area in cui viene installata la sonda.<\/p><p>Anche la vegetazione nell&#8217;area in cui \u00e8 installata la sonda deve essere rimossa per evitare un effetto &#8220;wicking&#8221;.<\/p><p>Le sonde possono essere rimosse dal terreno all&#8217;inizio dell&#8217;inverno e reinstallate la primavera successiva.  <\/p><p>Le sonde possono anche essere rimosse per la lavorazione del terreno e poi reinstallate.  <\/p><p>In caso di mancanza d&#8217;acqua e di siccit\u00e0, si pu\u00f2 verificare un cattivo contatto o addirittura la perdita di contatto del sensore con il terreno. In questo caso, la sonda deve essere scavata, immersa nell&#8217;acqua e quindi reinserita.<\/p>\t\t\t\t\t\t\t\t<\/div>\n\t\t\t\t<\/div>\n\t\t\t\t\t<\/div>\n\t\t<\/div>\n\t\t\t\t\t<\/div>\n\t\t<\/section>\n\t\t\t\t<\/div>\n\t\t","protected":false},"excerpt":{"rendered":"<p>https:\/\/www.youtube.com\/watch?v=4MaoJ9mFrN8&#038;t=33s Come installare la sonda in gesso? Il sensore in gesso della sonda viene interrato nel terreno ed \u00e8 destinato a rimanere in loco per consentire il controllo dell&#8217;apporto idrico. Il connettore all&#8217;estremit\u00e0 della sonda rimane all&#8217;esterno del terreno e pu\u00f2, ad esempio, essere fissato a un paletto per comodit\u00e0. Il collettore di gesso viene [&hellip;]<\/p>\n","protected":false},"author":1,"featured_media":0,"parent":0,"menu_order":0,"comment_status":"closed","ping_status":"closed","template":"","meta":{"footnotes":""},"class_list":["post-5720","page","type-page","status-publish","hentry"],"yoast_head":"<!-- This site is optimized with the Yoast SEO plugin v27.4 - https:\/\/yoast.com\/product\/yoast-seo-wordpress\/ -->\n<title>Utilizzo della sonda in gesso - WETRUF<\/title>\n<meta name=\"description\" content=\"Scoprite come utilizzare la sonda per gesso per misurare con precisione l&#039;umidit\u00e0 del terreno e ottimizzare l&#039;irrigazione nella coltivazione dei tartufi.\" \/>\n<meta name=\"robots\" content=\"index, follow, max-snippet:-1, max-image-preview:large, max-video-preview:-1\" \/>\n<link rel=\"canonical\" href=\"https:\/\/wetruf.com\/it\/utilizzo-della-sonda-in-gesso\/\" \/>\n<meta property=\"og:locale\" content=\"it_IT\" \/>\n<meta property=\"og:type\" content=\"article\" \/>\n<meta property=\"og:title\" content=\"Utilizzo della sonda in gesso - WETRUF\" \/>\n<meta property=\"og:description\" content=\"Scoprite come utilizzare la sonda per gesso per misurare con precisione l&#039;umidit\u00e0 del terreno e ottimizzare l&#039;irrigazione nella coltivazione dei tartufi.\" \/>\n<meta property=\"og:url\" content=\"https:\/\/wetruf.com\/it\/utilizzo-della-sonda-in-gesso\/\" \/>\n<meta property=\"og:site_name\" content=\"WETRUF\" \/>\n<meta property=\"article:modified_time\" content=\"2025-09-25T12:05:50+00:00\" \/>\n<meta name=\"twitter:card\" content=\"summary_large_image\" \/>\n<meta name=\"twitter:label1\" content=\"Tempo di lettura stimato\" \/>\n\t<meta name=\"twitter:data1\" content=\"3 minuti\" \/>\n<script type=\"application\/ld+json\" class=\"yoast-schema-graph\">{\"@context\":\"https:\\\/\\\/schema.org\",\"@graph\":[{\"@type\":\"WebPage\",\"@id\":\"https:\\\/\\\/wetruf.com\\\/it\\\/utilizzo-della-sonda-in-gesso\\\/\",\"url\":\"https:\\\/\\\/wetruf.com\\\/it\\\/utilizzo-della-sonda-in-gesso\\\/\",\"name\":\"Utilizzo della sonda in gesso - WETRUF\",\"isPartOf\":{\"@id\":\"https:\\\/\\\/wetruf.com\\\/#website\"},\"datePublished\":\"2022-10-27T12:47:41+00:00\",\"dateModified\":\"2025-09-25T12:05:50+00:00\",\"description\":\"Scoprite come utilizzare la sonda per gesso per misurare con precisione l'umidit\u00e0 del terreno e ottimizzare l'irrigazione nella coltivazione dei tartufi.\",\"breadcrumb\":{\"@id\":\"https:\\\/\\\/wetruf.com\\\/it\\\/utilizzo-della-sonda-in-gesso\\\/#breadcrumb\"},\"inLanguage\":\"it-IT\",\"potentialAction\":[{\"@type\":\"ReadAction\",\"target\":[\"https:\\\/\\\/wetruf.com\\\/it\\\/utilizzo-della-sonda-in-gesso\\\/\"]}]},{\"@type\":\"BreadcrumbList\",\"@id\":\"https:\\\/\\\/wetruf.com\\\/it\\\/utilizzo-della-sonda-in-gesso\\\/#breadcrumb\",\"itemListElement\":[{\"@type\":\"ListItem\",\"position\":1,\"name\":\"Home\",\"item\":\"https:\\\/\\\/wetruf.com\\\/\"},{\"@type\":\"ListItem\",\"position\":2,\"name\":\"Utilizzo della sonda in gesso\"}]},{\"@type\":\"WebSite\",\"@id\":\"https:\\\/\\\/wetruf.com\\\/#website\",\"url\":\"https:\\\/\\\/wetruf.com\\\/\",\"name\":\"WETRUF\",\"description\":\"French innovation for truffle\",\"publisher\":{\"@id\":\"https:\\\/\\\/wetruf.com\\\/#organization\"},\"potentialAction\":[{\"@type\":\"SearchAction\",\"target\":{\"@type\":\"EntryPoint\",\"urlTemplate\":\"https:\\\/\\\/wetruf.com\\\/?s={search_term_string}\"},\"query-input\":{\"@type\":\"PropertyValueSpecification\",\"valueRequired\":true,\"valueName\":\"search_term_string\"}}],\"inLanguage\":\"it-IT\"},{\"@type\":\"Organization\",\"@id\":\"https:\\\/\\\/wetruf.com\\\/#organization\",\"name\":\"WETRUF\",\"url\":\"https:\\\/\\\/wetruf.com\\\/\",\"logo\":{\"@type\":\"ImageObject\",\"inLanguage\":\"it-IT\",\"@id\":\"https:\\\/\\\/wetruf.com\\\/#\\\/schema\\\/logo\\\/image\\\/\",\"url\":\"https:\\\/\\\/wetruf.com\\\/wp-content\\\/uploads\\\/2022\\\/12\\\/WETRUF-Logo-1.png\",\"contentUrl\":\"https:\\\/\\\/wetruf.com\\\/wp-content\\\/uploads\\\/2022\\\/12\\\/WETRUF-Logo-1.png\",\"width\":800,\"height\":800,\"caption\":\"WETRUF\"},\"image\":{\"@id\":\"https:\\\/\\\/wetruf.com\\\/#\\\/schema\\\/logo\\\/image\\\/\"}}]}<\/script>\n<!-- \/ Yoast SEO plugin. -->","yoast_head_json":{"title":"Utilizzo della sonda in gesso - WETRUF","description":"Scoprite come utilizzare la sonda per gesso per misurare con precisione l'umidit\u00e0 del terreno e ottimizzare l'irrigazione nella coltivazione dei tartufi.","robots":{"index":"index","follow":"follow","max-snippet":"max-snippet:-1","max-image-preview":"max-image-preview:large","max-video-preview":"max-video-preview:-1"},"canonical":"https:\/\/wetruf.com\/it\/utilizzo-della-sonda-in-gesso\/","og_locale":"it_IT","og_type":"article","og_title":"Utilizzo della sonda in gesso - WETRUF","og_description":"Scoprite come utilizzare la sonda per gesso per misurare con precisione l'umidit\u00e0 del terreno e ottimizzare l'irrigazione nella coltivazione dei tartufi.","og_url":"https:\/\/wetruf.com\/it\/utilizzo-della-sonda-in-gesso\/","og_site_name":"WETRUF","article_modified_time":"2025-09-25T12:05:50+00:00","twitter_card":"summary_large_image","twitter_misc":{"Tempo di lettura stimato":"3 minuti"},"schema":{"@context":"https:\/\/schema.org","@graph":[{"@type":"WebPage","@id":"https:\/\/wetruf.com\/it\/utilizzo-della-sonda-in-gesso\/","url":"https:\/\/wetruf.com\/it\/utilizzo-della-sonda-in-gesso\/","name":"Utilizzo della sonda in gesso - WETRUF","isPartOf":{"@id":"https:\/\/wetruf.com\/#website"},"datePublished":"2022-10-27T12:47:41+00:00","dateModified":"2025-09-25T12:05:50+00:00","description":"Scoprite come utilizzare la sonda per gesso per misurare con precisione l'umidit\u00e0 del terreno e ottimizzare l'irrigazione nella coltivazione dei tartufi.","breadcrumb":{"@id":"https:\/\/wetruf.com\/it\/utilizzo-della-sonda-in-gesso\/#breadcrumb"},"inLanguage":"it-IT","potentialAction":[{"@type":"ReadAction","target":["https:\/\/wetruf.com\/it\/utilizzo-della-sonda-in-gesso\/"]}]},{"@type":"BreadcrumbList","@id":"https:\/\/wetruf.com\/it\/utilizzo-della-sonda-in-gesso\/#breadcrumb","itemListElement":[{"@type":"ListItem","position":1,"name":"Home","item":"https:\/\/wetruf.com\/"},{"@type":"ListItem","position":2,"name":"Utilizzo della sonda in gesso"}]},{"@type":"WebSite","@id":"https:\/\/wetruf.com\/#website","url":"https:\/\/wetruf.com\/","name":"WETRUF","description":"French innovation for truffle","publisher":{"@id":"https:\/\/wetruf.com\/#organization"},"potentialAction":[{"@type":"SearchAction","target":{"@type":"EntryPoint","urlTemplate":"https:\/\/wetruf.com\/?s={search_term_string}"},"query-input":{"@type":"PropertyValueSpecification","valueRequired":true,"valueName":"search_term_string"}}],"inLanguage":"it-IT"},{"@type":"Organization","@id":"https:\/\/wetruf.com\/#organization","name":"WETRUF","url":"https:\/\/wetruf.com\/","logo":{"@type":"ImageObject","inLanguage":"it-IT","@id":"https:\/\/wetruf.com\/#\/schema\/logo\/image\/","url":"https:\/\/wetruf.com\/wp-content\/uploads\/2022\/12\/WETRUF-Logo-1.png","contentUrl":"https:\/\/wetruf.com\/wp-content\/uploads\/2022\/12\/WETRUF-Logo-1.png","width":800,"height":800,"caption":"WETRUF"},"image":{"@id":"https:\/\/wetruf.com\/#\/schema\/logo\/image\/"}}]}},"_links":{"self":[{"href":"https:\/\/wetruf.com\/it\/wp-json\/wp\/v2\/pages\/5720","targetHints":{"allow":["GET"]}}],"collection":[{"href":"https:\/\/wetruf.com\/it\/wp-json\/wp\/v2\/pages"}],"about":[{"href":"https:\/\/wetruf.com\/it\/wp-json\/wp\/v2\/types\/page"}],"author":[{"embeddable":true,"href":"https:\/\/wetruf.com\/it\/wp-json\/wp\/v2\/users\/1"}],"replies":[{"embeddable":true,"href":"https:\/\/wetruf.com\/it\/wp-json\/wp\/v2\/comments?post=5720"}],"version-history":[{"count":0,"href":"https:\/\/wetruf.com\/it\/wp-json\/wp\/v2\/pages\/5720\/revisions"}],"wp:attachment":[{"href":"https:\/\/wetruf.com\/it\/wp-json\/wp\/v2\/media?parent=5720"}],"curies":[{"name":"wp","href":"https:\/\/api.w.org\/{rel}","templated":true}]}}